{"id":4490,"date":"2025-09-21T18:25:25","date_gmt":"2025-09-21T16:25:25","guid":{"rendered":"https:\/\/enteka.fr\/?page_id=4490"},"modified":"2025-09-23T09:48:20","modified_gmt":"2025-09-23T07:48:20","slug":"cndp","status":"publish","type":"page","link":"https:\/\/enteka.fr\/index.php\/cndp\/","title":{"rendered":"CNDP"},"content":{"rendered":"\t\t<div data-elementor-type=\"wp-page\" data-elementor-id=\"4490\" class=\"elementor elementor-4490\" data-elementor-post-type=\"page\">\n\t\t\t\t\t\t<section class=\"elementor-section elementor-top-section elementor-element elementor-element-23022e6e elementor-section-full_width elementor-section-stretched elementor-section-height-default elementor-section-height-default\" data-id=\"23022e6e\" data-element_type=\"section\" data-e-type=\"section\" data-settings=\"{&quot;stretch_section&quot;:&quot;section-stretched&quot;,&quot;shape_divider_top&quot;:&quot;opacity-tilt&quot;}\">\n\t\t\t\t\t<div class=\"elementor-shape elementor-shape-top\" aria-hidden=\"true\" data-negative=\"false\">\n\t\t\t<svg xmlns=\"http:\/\/www.w3.org\/2000\/svg\" viewBox=\"0 0 2600 131.1\" preserveAspectRatio=\"none\">\n\t<path class=\"elementor-shape-fill\" d=\"M0 0L2600 0 2600 69.1 0 0z\"\/>\n\t<path class=\"elementor-shape-fill\" style=\"opacity:0.5\" d=\"M0 0L2600 0 2600 69.1 0 69.1z\"\/>\n\t<path class=\"elementor-shape-fill\" style=\"opacity:0.25\" d=\"M2600 0L0 0 0 130.1 2600 69.1z\"\/>\n<\/svg>\t\t<\/div>\n\t\t\t\t\t<div class=\"elementor-container elementor-column-gap-default\">\n\t\t\t\t\t<div class=\"elementor-column elementor-col-100 elementor-top-column elementor-element elementor-element-67ce2c64\" data-id=\"67ce2c64\" data-element_type=\"column\" data-e-type=\"column\">\n\t\t\t<div class=\"elementor-widget-wrap elementor-element-populated\">\n\t\t\t\t\t\t<div class=\"elementor-element elementor-element-1e343f90 elementor-widget elementor-widget-image\" data-id=\"1e343f90\" data-element_type=\"widget\" data-e-type=\"widget\" data-widget_type=\"image.default\">\n\t\t\t\t<div class=\"elementor-widget-container\">\n\t\t\t\t\t\t\t\t\t\t\t\t\t\t\t<img fetchpriority=\"high\" decoding=\"async\" width=\"1220\" height=\"645\" src=\"https:\/\/enteka.fr\/wp-content\/uploads\/2020\/10\/DebatNFL-2.jpg\" class=\"attachment-full size-full wp-image-4170\" alt=\"\" srcset=\"https:\/\/enteka.fr\/wp-content\/uploads\/2020\/10\/DebatNFL-2.jpg 1220w, https:\/\/enteka.fr\/wp-content\/uploads\/2020\/10\/DebatNFL-2-300x159.jpg 300w, https:\/\/enteka.fr\/wp-content\/uploads\/2020\/10\/DebatNFL-2-1024x541.jpg 1024w, https:\/\/enteka.fr\/wp-content\/uploads\/2020\/10\/DebatNFL-2-768x406.jpg 768w\" sizes=\"(max-width: 1220px) 100vw, 1220px\" \/>\t\t\t\t\t\t\t\t\t\t\t\t\t\t\t<\/div>\n\t\t\t\t<\/div>\n\t\t\t\t\t<\/div>\n\t\t<\/div>\n\t\t\t\t\t<\/div>\n\t\t<\/section>\n\t\t\t\t<section class=\"elementor-section elementor-top-section elementor-element elementor-element-40d24a5e elementor-section-boxed elementor-section-height-default elementor-section-height-default\" data-id=\"40d24a5e\" data-element_type=\"section\" data-e-type=\"section\">\n\t\t\t\t\t\t<div class=\"elementor-container elementor-column-gap-default\">\n\t\t\t\t\t<div class=\"elementor-column elementor-col-50 elementor-top-column elementor-element elementor-element-3c09fb96\" data-id=\"3c09fb96\" data-element_type=\"column\" data-e-type=\"column\">\n\t\t\t<div class=\"elementor-widget-wrap elementor-element-populated\">\n\t\t\t\t\t\t<div class=\"elementor-element elementor-element-3eae0831 elementor-widget elementor-widget-image\" data-id=\"3eae0831\" data-element_type=\"widget\" data-e-type=\"widget\" data-widget_type=\"image.default\">\n\t\t\t\t<div class=\"elementor-widget-container\">\n\t\t\t\t\t\t\t\t\t\t\t\t\t\t\t<img decoding=\"async\" width=\"300\" height=\"300\" src=\"https:\/\/enteka.fr\/wp-content\/uploads\/2025\/09\/logo_CNDP.jpg\" class=\"attachment-large size-large wp-image-4493\" alt=\"\" srcset=\"https:\/\/enteka.fr\/wp-content\/uploads\/2025\/09\/logo_CNDP.jpg 300w, https:\/\/enteka.fr\/wp-content\/uploads\/2025\/09\/logo_CNDP-150x150.jpg 150w\" sizes=\"(max-width: 300px) 100vw, 300px\" \/>\t\t\t\t\t\t\t\t\t\t\t\t\t\t\t<\/div>\n\t\t\t\t<\/div>\n\t\t\t\t<div class=\"elementor-element elementor-element-4480f2ce elementor-widget elementor-widget-text-editor\" data-id=\"4480f2ce\" data-element_type=\"widget\" data-e-type=\"widget\" data-widget_type=\"text-editor.default\">\n\t\t\t\t<div class=\"elementor-widget-container\">\n\t\t\t\t\t\t\t\t\t<p><em>La Commission nationale du d\u00e9bat public est l\u2019autorit\u00e9 ind\u00e9pendante charg\u00e9e de garantir le droit de toute personne vivant en France \u00e0 l\u2019information et \u00e0 la participation sur les projets ou les politiques qui ont un impact sur l\u2019environnement. Ce droit est inscrit \u00e0 l\u2019article 7 de la Charte de l\u2019environnement, adoss\u00e9e \u00e0 la constitution.<\/em><\/p><p><em>la CNDP a confi\u00e9 \u00e0 Fr\u00e9d\u00e9ric Piriou la responsabilit\u00e9 de d\u00e9finir et de conduire la strat\u00e9gie de communication du d\u00e9bat public sur le \u00ab\u00a0Noeud ferroviaire lyonnais\u00a0\u00bb, qui a rassembl\u00e9 pr\u00e8s de 6500 participants \u00e0 l&rsquo;occasion de 15 r\u00e9unions publiques \u00e0 l&rsquo;\u00e9chelle r\u00e9gionale,, des rencontres en gares et des outils de participation num\u00e9riques.<\/em><\/p>\t\t\t\t\t\t\t\t<\/div>\n\t\t\t\t<\/div>\n\t\t\t\t<div class=\"elementor-element elementor-element-32434fa elementor-widget elementor-widget-video\" data-id=\"32434fa\" data-element_type=\"widget\" data-e-type=\"widget\" data-settings=\"{&quot;video_type&quot;:&quot;dailymotion&quot;,&quot;controls&quot;:&quot;yes&quot;}\" data-widget_type=\"video.default\">\n\t\t\t\t<div class=\"elementor-widget-container\">\n\t\t\t\t\t\t\t<div class=\"elementor-wrapper elementor-open-inline\">\n\t\t\t<iframe class=\"elementor-video-iframe\" allowfullscreen allow=\"clipboard-write\" title=\"Lecteur vid\u00e9o dailymotion\" src=\"https:\/\/dailymotion.com\/embed\/video\/x7ktfac?ui-highlight&amp;start&amp;endscreen-enable=0&amp;controls=1&amp;mute=0&amp;ui-start-screen-info=1&amp;ui-logo=1\"><\/iframe>\t\t<\/div>\n\t\t\t\t\t\t<\/div>\n\t\t\t\t<\/div>\n\t\t\t\t<div class=\"elementor-element elementor-element-3f0a82c elementor-widget elementor-widget-text-editor\" data-id=\"3f0a82c\" data-element_type=\"widget\" data-e-type=\"widget\" data-widget_type=\"text-editor.default\">\n\t\t\t\t<div class=\"elementor-widget-container\">\n\t\t\t\t\t\t\t\t\t<p><em>Interview de Chantal Jouanno, Pr\u00e9sidente de la CNDP, r\u00e9alis\u00e9e par Fr\u00e9d\u00e9ric Piriou\u00a0<\/em><\/p>\t\t\t\t\t\t\t\t<\/div>\n\t\t\t\t<\/div>\n\t\t\t\t\t<\/div>\n\t\t<\/div>\n\t\t\t\t<div class=\"elementor-column elementor-col-50 elementor-top-column elementor-element elementor-element-135f15e9\" data-id=\"135f15e9\" data-element_type=\"column\" data-e-type=\"column\">\n\t\t\t<div class=\"elementor-widget-wrap elementor-element-populated\">\n\t\t\t\t\t\t<div class=\"elementor-element elementor-element-34675454 elementor-view-framed elementor-position-inline-start elementor-shape-circle elementor-mobile-position-block-start elementor-widget elementor-widget-icon-box\" data-id=\"34675454\" data-element_type=\"widget\" data-e-type=\"widget\" data-widget_type=\"icon-box.default\">\n\t\t\t\t<div class=\"elementor-widget-container\">\n\t\t\t\t\t\t\t<div class=\"elementor-icon-box-wrapper\">\n\n\t\t\t\t\t\t<div class=\"elementor-icon-box-icon\">\n\t\t\t\t<span  class=\"elementor-icon\">\n\t\t\t\t<i aria-hidden=\"true\" class=\"fas fa-feather-alt\"><\/i>\t\t\t\t<\/span>\n\t\t\t<\/div>\n\t\t\t\n\t\t\t\t\t\t<div class=\"elementor-icon-box-content\">\n\n\t\t\t\t\t\t\t\t\t<h3 class=\"elementor-icon-box-title\">\n\t\t\t\t\t\t<span  >\n\t\t\t\t\t\t\tConception d'outils de communication\t\t\t\t\t\t<\/span>\n\t\t\t\t\t<\/h3>\n\t\t\t\t\n\t\t\t\t\n\t\t\t<\/div>\n\t\t\t\n\t\t<\/div>\n\t\t\t\t\t\t<\/div>\n\t\t\t\t<\/div>\n\t\t\t\t<div class=\"elementor-element elementor-element-71fbd4f9 elementor-widget elementor-widget-text-editor\" data-id=\"71fbd4f9\" data-element_type=\"widget\" data-e-type=\"widget\" data-widget_type=\"text-editor.default\">\n\t\t\t\t<div class=\"elementor-widget-container\">\n\t\t\t\t\t\t\t\t\t<ul><li>Cr\u00e9ation et animation du site internet <a href=\"https:\/\/noeud-ferroviaire-lyonnais.debatpublic.fr\/\" target=\"_blank\" rel=\"noopener\">du d\u00e9bat public \u00ab\u00a0Noeud ferroviaire lyonnais\u00a0\u00bb<\/a><\/li><li>Community management des comptes Facebook et Twitter du d\u00e9bat.<\/li><li>Conception &amp; sc\u00e9narisation d&rsquo;un <a href=\"https:\/\/dai.ly\/x74s4xp\" target=\"_blank\" rel=\"noopener\">film motion design<\/a> pour promouvoir le d\u00e9bat public sur les r\u00e9seaux sociaux.<\/li><li>Conception-r\u00e9daction des supports d&rsquo;animation des r\u00e9unions publiques.<\/li><li>R\u00e9daction des journaux du d\u00e9bat public<\/li><li>Coordination et participation \u00e0 la r\u00e9daction du <a href=\"https:\/\/noeud-ferroviaire-lyonnais.debatpublic.fr\/images\/bilan-cr\/COMPTE-RENDU-NFL-HD-PAP.pdf\" target=\"_blank\" rel=\"noopener\">Compte-rendu du d\u00e9bat public.<\/a><\/li><\/ul>\t\t\t\t\t\t\t\t<\/div>\n\t\t\t\t<\/div>\n\t\t\t\t<div class=\"elementor-element elementor-element-16f0b919 elementor-view-framed elementor-position-inline-start elementor-shape-circle elementor-mobile-position-block-start elementor-widget elementor-widget-icon-box\" data-id=\"16f0b919\" data-element_type=\"widget\" data-e-type=\"widget\" data-widget_type=\"icon-box.default\">\n\t\t\t\t<div class=\"elementor-widget-container\">\n\t\t\t\t\t\t\t<div class=\"elementor-icon-box-wrapper\">\n\n\t\t\t\t\t\t<div class=\"elementor-icon-box-icon\">\n\t\t\t\t<span  class=\"elementor-icon\">\n\t\t\t\t<i aria-hidden=\"true\" class=\"fas fa-graduation-cap\"><\/i>\t\t\t\t<\/span>\n\t\t\t<\/div>\n\t\t\t\n\t\t\t\t\t\t<div class=\"elementor-icon-box-content\">\n\n\t\t\t\t\t\t\t\t\t<h3 class=\"elementor-icon-box-title\">\n\t\t\t\t\t\t<span  >\n\t\t\t\t\t\t\tRecueil de la parole citoyenne\t\t\t\t\t\t<\/span>\n\t\t\t\t\t<\/h3>\n\t\t\t\t\n\t\t\t\t\n\t\t\t<\/div>\n\t\t\t\n\t\t<\/div>\n\t\t\t\t\t\t<\/div>\n\t\t\t\t<\/div>\n\t\t\t\t<div class=\"elementor-element elementor-element-1d320d5e elementor-widget elementor-widget-text-editor\" data-id=\"1d320d5e\" data-element_type=\"widget\" data-e-type=\"widget\" data-widget_type=\"text-editor.default\">\n\t\t\t\t<div class=\"elementor-widget-container\">\n\t\t\t\t\t\t\t\t\t<ul><li>Conception d&rsquo;un questionaire sur les mobilit\u00e9s du quotidien en Auvergne-Rh\u00f4ne-Alpes (3336 r\u00e9pondants)<\/li><li>Suivi des r\u00e9ponses du ma\u00eetre d&rsquo;ouvrage aux contributions d\u00e9pos\u00e9es en ligne (607 contributions)<\/li><li>Collecte de cahiers d&rsquo;acteurs institutionnels (29)<\/li><li>Animation d&rsquo;un atelier participatif d\u00e9di\u00e9 aux coll\u00e9giens sur l&rsquo;imagination des mobilit\u00e9s futures.<\/li><\/ul>\t\t\t\t\t\t\t\t<\/div>\n\t\t\t\t<\/div>\n\t\t\t\t<div class=\"elementor-element elementor-element-75355f5d elementor-view-framed elementor-position-inline-start elementor-shape-circle elementor-mobile-position-block-start elementor-widget elementor-widget-icon-box\" data-id=\"75355f5d\" data-element_type=\"widget\" data-e-type=\"widget\" data-widget_type=\"icon-box.default\">\n\t\t\t\t<div class=\"elementor-widget-container\">\n\t\t\t\t\t\t\t<div class=\"elementor-icon-box-wrapper\">\n\n\t\t\t\t\t\t<div class=\"elementor-icon-box-icon\">\n\t\t\t\t<span  class=\"elementor-icon\">\n\t\t\t\t<i aria-hidden=\"true\" class=\"fas fa-newspaper\"><\/i>\t\t\t\t<\/span>\n\t\t\t<\/div>\n\t\t\t\n\t\t\t\t\t\t<div class=\"elementor-icon-box-content\">\n\n\t\t\t\t\t\t\t\t\t<h3 class=\"elementor-icon-box-title\">\n\t\t\t\t\t\t<span  >\n\t\t\t\t\t\t\tPlaidoyer et relations presse\t\t\t\t\t\t<\/span>\n\t\t\t\t\t<\/h3>\n\t\t\t\t\n\t\t\t\t\n\t\t\t<\/div>\n\t\t\t\n\t\t<\/div>\n\t\t\t\t\t\t<\/div>\n\t\t\t\t<\/div>\n\t\t\t\t<div class=\"elementor-element elementor-element-19103ec3 elementor-widget elementor-widget-text-editor\" data-id=\"19103ec3\" data-element_type=\"widget\" data-e-type=\"widget\" data-widget_type=\"text-editor.default\">\n\t\t\t\t<div class=\"elementor-widget-container\">\n\t\t\t\t\t\t\t\t\t<ul><li><span style=\"font-size: 14px;\">D\u00e9finition et mise en \u0153uvre du plan m\u00e9dia (affichage + presse + radio)<\/span><\/li><li><span style=\"font-size: 14px;\">Relations presse du d\u00e9bat public (192 retomb\u00e9es sur 48 supports en 3 mois)<\/span><\/li><li>Media training des membres de la Commission du d\u00e9bat.<\/li><li>Pr\u00e9paration et debrief des interviews du Pr\u00e9sident de la Commission du d\u00e9bat.<\/li><\/ul>\t\t\t\t\t\t\t\t<\/div>\n\t\t\t\t<\/div>\n\t\t\t\t\t<\/div>\n\t\t<\/div>\n\t\t\t\t\t<\/div>\n\t\t<\/section>\n\t\t\t\t<\/div>\n\t\t","protected":false},"excerpt":{"rendered":"<p>La Commission nationale du d\u00e9bat public est l\u2019autorit\u00e9 ind\u00e9pendante charg\u00e9e de garantir le droit de toute personne vivant en France \u00e0 l\u2019information et \u00e0 la participation sur les projets ou les politiques qui ont un impact sur l\u2019environnement. Ce droit est inscrit \u00e0 l\u2019article 7 de la Charte de l\u2019environnement, adoss\u00e9e \u00e0 la constitution. la [&hellip;]<\/p>\n","protected":false},"author":1,"featured_media":0,"parent":0,"menu_order":0,"comment_status":"closed","ping_status":"closed","template":"","meta":{"ocean_post_layout":"","ocean_both_sidebars_style":"","ocean_both_sidebars_content_width":0,"ocean_both_sidebars_sidebars_width":0,"ocean_sidebar":"","ocean_second_sidebar":"","ocean_disable_margins":"enable","ocean_add_body_class":"","ocean_shortcode_before_top_bar":"","ocean_shortcode_after_top_bar":"","ocean_shortcode_before_header":"","ocean_shortcode_after_header":"","ocean_has_shortcode":"","ocean_shortcode_after_title":"","ocean_shortcode_before_footer_widgets":"","ocean_shortcode_after_footer_widgets":"","ocean_shortcode_before_footer_bottom":"","ocean_shortcode_after_footer_bottom":"","ocean_display_top_bar":"default","ocean_display_header":"default","ocean_header_style":"","ocean_center_header_left_menu":"","ocean_custom_header_template":"","ocean_custom_logo":0,"ocean_custom_retina_logo":0,"ocean_custom_logo_max_width":0,"ocean_custom_logo_tablet_max_width":0,"ocean_custom_logo_mobile_max_width":0,"ocean_custom_logo_max_height":0,"ocean_custom_logo_tablet_max_height":0,"ocean_custom_logo_mobile_max_height":0,"ocean_header_custom_menu":"","ocean_menu_typo_font_family":"","ocean_menu_typo_font_subset":"","ocean_menu_typo_font_size":0,"ocean_menu_typo_font_size_tablet":0,"ocean_menu_typo_font_size_mobile":0,"ocean_menu_typo_font_size_unit":"px","ocean_menu_typo_font_weight":"","ocean_menu_typo_font_weight_tablet":"","ocean_menu_typo_font_weight_mobile":"","ocean_menu_typo_transform":"","ocean_menu_typo_transform_tablet":"","ocean_menu_typo_transform_mobile":"","ocean_menu_typo_line_height":0,"ocean_menu_typo_line_height_tablet":0,"ocean_menu_typo_line_height_mobile":0,"ocean_menu_typo_line_height_unit":"","ocean_menu_typo_spacing":0,"ocean_menu_typo_spacing_tablet":0,"ocean_menu_typo_spacing_mobile":0,"ocean_menu_typo_spacing_unit":"","ocean_menu_link_color":"","ocean_menu_link_color_hover":"","ocean_menu_link_color_active":"","ocean_menu_link_background":"","ocean_menu_link_hover_background":"","ocean_menu_link_active_background":"","ocean_menu_social_links_bg":"","ocean_menu_social_hover_links_bg":"","ocean_menu_social_links_color":"","ocean_menu_social_hover_links_color":"","ocean_disable_title":"default","ocean_disable_heading":"default","ocean_post_title":"","ocean_post_subheading":"","ocean_post_title_style":"","ocean_post_title_background_color":"","ocean_post_title_background":0,"ocean_post_title_bg_image_position":"","ocean_post_title_bg_image_attachment":"","ocean_post_title_bg_image_repeat":"","ocean_post_title_bg_image_size":"","ocean_post_title_height":0,"ocean_post_title_bg_overlay":0.5,"ocean_post_title_bg_overlay_color":"","ocean_disable_breadcrumbs":"default","ocean_breadcrumbs_color":"","ocean_breadcrumbs_separator_color":"","ocean_breadcrumbs_links_color":"","ocean_breadcrumbs_links_hover_color":"","ocean_display_footer_widgets":"default","ocean_display_footer_bottom":"default","ocean_custom_footer_template":"","footnotes":""},"class_list":["post-4490","page","type-page","status-publish","hentry","entry"],"rttpg_featured_image_url":null,"rttpg_author":{"display_name":"Fr\u00e9d\u00e9ric","author_link":"https:\/\/enteka.fr\/index.php\/author\/admin2546\/"},"rttpg_comment":0,"rttpg_category":null,"rttpg_excerpt":"La Commission nationale du d\u00e9bat public est l\u2019autorit\u00e9 ind\u00e9pendante charg\u00e9e de garantir le droit de toute personne vivant en France \u00e0 l\u2019information et \u00e0 la participation sur les projets ou les politiques qui ont un impact sur l\u2019environnement. Ce droit est inscrit \u00e0 l\u2019article 7 de la Charte de l\u2019environnement, adoss\u00e9e \u00e0 la constitution. la\u2026","_links":{"self":[{"href":"https:\/\/enteka.fr\/index.php\/wp-json\/wp\/v2\/pages\/4490","targetHints":{"allow":["GET"]}}],"collection":[{"href":"https:\/\/enteka.fr\/index.php\/wp-json\/wp\/v2\/pages"}],"about":[{"href":"https:\/\/enteka.fr\/index.php\/wp-json\/wp\/v2\/types\/page"}],"author":[{"embeddable":true,"href":"https:\/\/enteka.fr\/index.php\/wp-json\/wp\/v2\/users\/1"}],"replies":[{"embeddable":true,"href":"https:\/\/enteka.fr\/index.php\/wp-json\/wp\/v2\/comments?post=4490"}],"version-history":[{"count":13,"href":"https:\/\/enteka.fr\/index.php\/wp-json\/wp\/v2\/pages\/4490\/revisions"}],"predecessor-version":[{"id":4747,"href":"https:\/\/enteka.fr\/index.php\/wp-json\/wp\/v2\/pages\/4490\/revisions\/4747"}],"wp:attachment":[{"href":"https:\/\/enteka.fr\/index.php\/wp-json\/wp\/v2\/media?parent=4490"}],"curies":[{"name":"wp","href":"https:\/\/api.w.org\/{rel}","templated":true}]}}