{"id":4507,"date":"2025-09-21T19:30:07","date_gmt":"2025-09-21T17:30:07","guid":{"rendered":"https:\/\/enteka.fr\/?page_id=4507"},"modified":"2025-09-23T09:52:47","modified_gmt":"2025-09-23T07:52:47","slug":"sncf-reseau","status":"publish","type":"page","link":"https:\/\/enteka.fr\/index.php\/sncf-reseau\/","title":{"rendered":"SNCF R\u00e9seau"},"content":{"rendered":"\t\t<div data-elementor-type=\"wp-page\" data-elementor-id=\"4507\" class=\"elementor elementor-4507\" data-elementor-post-type=\"page\">\n\t\t\t\t\t\t<section class=\"elementor-section elementor-top-section elementor-element elementor-element-1a93516f elementor-section-full_width elementor-section-stretched elementor-section-height-default elementor-section-height-default\" data-id=\"1a93516f\" data-element_type=\"section\" data-e-type=\"section\" data-settings=\"{&quot;stretch_section&quot;:&quot;section-stretched&quot;,&quot;shape_divider_top&quot;:&quot;opacity-tilt&quot;}\">\n\t\t\t\t\t<div class=\"elementor-shape elementor-shape-top\" aria-hidden=\"true\" data-negative=\"false\">\n\t\t\t<svg xmlns=\"http:\/\/www.w3.org\/2000\/svg\" viewBox=\"0 0 2600 131.1\" preserveAspectRatio=\"none\">\n\t<path class=\"elementor-shape-fill\" d=\"M0 0L2600 0 2600 69.1 0 0z\"\/>\n\t<path class=\"elementor-shape-fill\" style=\"opacity:0.5\" d=\"M0 0L2600 0 2600 69.1 0 69.1z\"\/>\n\t<path class=\"elementor-shape-fill\" style=\"opacity:0.25\" d=\"M2600 0L0 0 0 130.1 2600 69.1z\"\/>\n<\/svg>\t\t<\/div>\n\t\t\t\t\t<div class=\"elementor-container elementor-column-gap-default\">\n\t\t\t\t\t<div class=\"elementor-column elementor-col-100 elementor-top-column elementor-element elementor-element-5cd305a1\" data-id=\"5cd305a1\" data-element_type=\"column\" data-e-type=\"column\">\n\t\t\t<div class=\"elementor-widget-wrap elementor-element-populated\">\n\t\t\t\t\t\t<div class=\"elementor-element elementor-element-1ec0ab92 elementor-widget elementor-widget-image\" data-id=\"1ec0ab92\" data-element_type=\"widget\" data-e-type=\"widget\" data-widget_type=\"image.default\">\n\t\t\t\t<div class=\"elementor-widget-container\">\n\t\t\t\t\t\t\t\t\t\t\t\t\t\t\t<img fetchpriority=\"high\" decoding=\"async\" width=\"882\" height=\"481\" src=\"https:\/\/enteka.fr\/wp-content\/uploads\/2025\/09\/SNCFReseau-1.jpg\" class=\"attachment-full size-full wp-image-4514\" alt=\"\" srcset=\"https:\/\/enteka.fr\/wp-content\/uploads\/2025\/09\/SNCFReseau-1.jpg 882w, https:\/\/enteka.fr\/wp-content\/uploads\/2025\/09\/SNCFReseau-1-300x164.jpg 300w, https:\/\/enteka.fr\/wp-content\/uploads\/2025\/09\/SNCFReseau-1-768x419.jpg 768w\" sizes=\"(max-width: 882px) 100vw, 882px\" \/>\t\t\t\t\t\t\t\t\t\t\t\t\t\t\t<\/div>\n\t\t\t\t<\/div>\n\t\t\t\t\t<\/div>\n\t\t<\/div>\n\t\t\t\t\t<\/div>\n\t\t<\/section>\n\t\t\t\t<section class=\"elementor-section elementor-top-section elementor-element elementor-element-787ac527 elementor-section-boxed elementor-section-height-default elementor-section-height-default\" data-id=\"787ac527\" data-element_type=\"section\" data-e-type=\"section\">\n\t\t\t\t\t\t<div class=\"elementor-container elementor-column-gap-default\">\n\t\t\t\t\t<div class=\"elementor-column elementor-col-50 elementor-top-column elementor-element elementor-element-28945f87\" data-id=\"28945f87\" data-element_type=\"column\" data-e-type=\"column\">\n\t\t\t<div class=\"elementor-widget-wrap elementor-element-populated\">\n\t\t\t\t\t\t<div class=\"elementor-element elementor-element-5e74b8d1 elementor-widget elementor-widget-image\" data-id=\"5e74b8d1\" data-element_type=\"widget\" data-e-type=\"widget\" data-widget_type=\"image.default\">\n\t\t\t\t<div class=\"elementor-widget-container\">\n\t\t\t\t\t\t\t\t\t\t\t\t\t\t\t<img decoding=\"async\" width=\"300\" height=\"300\" src=\"https:\/\/enteka.fr\/wp-content\/uploads\/2020\/09\/sncf-carrousel.png\" class=\"attachment-large size-large wp-image-3948\" alt=\"SNCF R\u00e9seau\" srcset=\"https:\/\/enteka.fr\/wp-content\/uploads\/2020\/09\/sncf-carrousel.png 300w, https:\/\/enteka.fr\/wp-content\/uploads\/2020\/09\/sncf-carrousel-150x150.png 150w, https:\/\/enteka.fr\/wp-content\/uploads\/2020\/09\/sncf-carrousel-116x116.png 116w\" sizes=\"(max-width: 300px) 100vw, 300px\" \/>\t\t\t\t\t\t\t\t\t\t\t\t\t\t\t<\/div>\n\t\t\t\t<\/div>\n\t\t\t\t<div class=\"elementor-element elementor-element-383a1e95 elementor-widget elementor-widget-text-editor\" data-id=\"383a1e95\" data-element_type=\"widget\" data-e-type=\"widget\" data-widget_type=\"text-editor.default\">\n\t\t\t\t<div class=\"elementor-widget-container\">\n\t\t\t\t\t\t\t\t\t<p>Gestionnaire<em> d&rsquo;infrastructure du r\u00e9seau ferr\u00e9 national, SNCF R\u00e9seau est une filiale du Groupe SNCF d\u00e9tenue \u00e0 100% par l&rsquo;Etat.\u00a0<\/em><\/p><p><em>SNCF R\u00e9seau a organis\u00e9 en 2020 une concertation sur la construction d&rsquo;une ligne \u00e0 grande vitesse entre Montpellier et Perpignan, afin de r\u00e9duire les temps de parcours, de fluidifier le trafic vers l&rsquo;Espagne et de lib\u00e9rer des capacit\u00e9s ferroviaires pour les transports du quotidien.<\/em><\/p><p><em>Dans le contexte tr\u00e8s particulier du confinement de 2020, l&rsquo;agence <a href=\"https:\/\/www.institutionsetprojets.fr\/\" target=\"_blank\" rel=\"noopener\">Institutions &amp; Projets<\/a>, en charge de l&rsquo;organisation de la concertation, a fait appel \u00e0 Enteka pour d\u00e9finir une strat\u00e9gie de concertation en ligne et en animer les outils num\u00e9riques.d&rsquo;in<\/em><\/p>\t\t\t\t\t\t\t\t<\/div>\n\t\t\t\t<\/div>\n\t\t\t\t<div class=\"elementor-element elementor-element-37a4276e elementor-widget elementor-widget-image\" data-id=\"37a4276e\" data-element_type=\"widget\" data-e-type=\"widget\" data-widget_type=\"image.default\">\n\t\t\t\t<div class=\"elementor-widget-container\">\n\t\t\t\t\t\t\t\t\t\t\t\t\t\t\t\t<a href=\"https:\/\/www.ligne-montpellier-perpignan.com\/sites\/lnmp.com\/files\/rff\/mediatheque\/sncfreseau-bilan2021-a4.pdf\" target=\"_blank\">\n\t\t\t\t\t\t\t<img decoding=\"async\" width=\"492\" height=\"687\" src=\"https:\/\/enteka.fr\/wp-content\/uploads\/2025\/09\/couv_SNCF.jpg\" class=\"attachment-large size-large wp-image-4515\" alt=\"\" srcset=\"https:\/\/enteka.fr\/wp-content\/uploads\/2025\/09\/couv_SNCF.jpg 492w, https:\/\/enteka.fr\/wp-content\/uploads\/2025\/09\/couv_SNCF-215x300.jpg 215w\" sizes=\"(max-width: 492px) 100vw, 492px\" \/>\t\t\t\t\t\t\t\t<\/a>\n\t\t\t\t\t\t\t\t\t\t\t\t\t\t\t<\/div>\n\t\t\t\t<\/div>\n\t\t\t\t\t<\/div>\n\t\t<\/div>\n\t\t\t\t<div class=\"elementor-column elementor-col-50 elementor-top-column elementor-element elementor-element-24c4cac3\" data-id=\"24c4cac3\" data-element_type=\"column\" data-e-type=\"column\">\n\t\t\t<div class=\"elementor-widget-wrap elementor-element-populated\">\n\t\t\t\t\t\t<div class=\"elementor-element elementor-element-626243e3 elementor-view-framed elementor-position-inline-start elementor-shape-circle elementor-mobile-position-block-start elementor-widget elementor-widget-icon-box\" data-id=\"626243e3\" data-element_type=\"widget\" data-e-type=\"widget\" data-widget_type=\"icon-box.default\">\n\t\t\t\t<div class=\"elementor-widget-container\">\n\t\t\t\t\t\t\t<div class=\"elementor-icon-box-wrapper\">\n\n\t\t\t\t\t\t<div class=\"elementor-icon-box-icon\">\n\t\t\t\t<span  class=\"elementor-icon\">\n\t\t\t\t<i aria-hidden=\"true\" class=\"fas fa-feather-alt\"><\/i>\t\t\t\t<\/span>\n\t\t\t<\/div>\n\t\t\t\n\t\t\t\t\t\t<div class=\"elementor-icon-box-content\">\n\n\t\t\t\t\t\t\t\t\t<h3 class=\"elementor-icon-box-title\">\n\t\t\t\t\t\t<span  >\n\t\t\t\t\t\t\tConception d'outils de communication\t\t\t\t\t\t<\/span>\n\t\t\t\t\t<\/h3>\n\t\t\t\t\n\t\t\t\t\n\t\t\t<\/div>\n\t\t\t\n\t\t<\/div>\n\t\t\t\t\t\t<\/div>\n\t\t\t\t<\/div>\n\t\t\t\t<div class=\"elementor-element elementor-element-5d027b5c elementor-widget elementor-widget-text-editor\" data-id=\"5d027b5c\" data-element_type=\"widget\" data-e-type=\"widget\" data-widget_type=\"text-editor.default\">\n\t\t\t\t<div class=\"elementor-widget-container\">\n\t\t\t\t\t\t\t\t\t<ul><li>Conception-r\u00e9daction du site internet <a href=\"https:\/\/www.ligne-montpellier-perpignan.com\/\" target=\"_blank\" rel=\"noopener\">Ligne Nouvelle Montpellier-Perpignan<\/a><\/li><li>Conception &amp; sc\u00e9narisation d&rsquo;un film motion design pour promouvoir la concertation.<\/li><li>Conception-r\u00e9daction de supports d&rsquo;animation des ateliers en visioconf\u00e9rence.<\/li><li>Participation \u00e0 la r\u00e9daction du <a href=\"https:\/\/www.ligne-montpellier-perpignan.com\/sites\/lnmp.com\/files\/rff\/mediatheque\/sncfreseau-bilan2021-a4.pdf\" target=\"_blank\" rel=\"noopener\">bilan de la concertation.<\/a><\/li><\/ul>\t\t\t\t\t\t\t\t<\/div>\n\t\t\t\t<\/div>\n\t\t\t\t<div class=\"elementor-element elementor-element-7ac00c70 elementor-view-framed elementor-position-inline-start elementor-shape-circle elementor-mobile-position-block-start elementor-widget elementor-widget-icon-box\" data-id=\"7ac00c70\" data-element_type=\"widget\" data-e-type=\"widget\" data-widget_type=\"icon-box.default\">\n\t\t\t\t<div class=\"elementor-widget-container\">\n\t\t\t\t\t\t\t<div class=\"elementor-icon-box-wrapper\">\n\n\t\t\t\t\t\t<div class=\"elementor-icon-box-icon\">\n\t\t\t\t<span  class=\"elementor-icon\">\n\t\t\t\t<i aria-hidden=\"true\" class=\"fas fa-graduation-cap\"><\/i>\t\t\t\t<\/span>\n\t\t\t<\/div>\n\t\t\t\n\t\t\t\t\t\t<div class=\"elementor-icon-box-content\">\n\n\t\t\t\t\t\t\t\t\t<h3 class=\"elementor-icon-box-title\">\n\t\t\t\t\t\t<span  >\n\t\t\t\t\t\t\tRecueil de la parole citoyenne\t\t\t\t\t\t<\/span>\n\t\t\t\t\t<\/h3>\n\t\t\t\t\n\t\t\t\t\n\t\t\t<\/div>\n\t\t\t\n\t\t<\/div>\n\t\t\t\t\t\t<\/div>\n\t\t\t\t<\/div>\n\t\t\t\t<div class=\"elementor-element elementor-element-70d011cb elementor-widget elementor-widget-text-editor\" data-id=\"70d011cb\" data-element_type=\"widget\" data-e-type=\"widget\" data-widget_type=\"text-editor.default\">\n\t\t\t\t<div class=\"elementor-widget-container\">\n\t\t\t\t\t\t\t\t\t<ul><li>Suivi et bilan hebdomadaire des contributions sur le site de la concertation (759 contributions)<\/li><li>R\u00e9daction des propositions de r\u00e9ponses du ma\u00eetre d&rsquo;ouvrage.<\/li><li>Conception d&rsquo;un questionnaire en ligne sur les attentes de mobilit\u00e9 des habitants (515 r\u00e9pondants).<\/li><\/ul>\t\t\t\t\t\t\t\t<\/div>\n\t\t\t\t<\/div>\n\t\t\t\t\t<\/div>\n\t\t<\/div>\n\t\t\t\t\t<\/div>\n\t\t<\/section>\n\t\t\t\t<\/div>\n\t\t","protected":false},"excerpt":{"rendered":"<p>Gestionnaire d&rsquo;infrastructure du r\u00e9seau ferr\u00e9 national, SNCF R\u00e9seau est une filiale du Groupe SNCF d\u00e9tenue \u00e0 100% par l&rsquo;Etat.\u00a0 SNCF R\u00e9seau a organis\u00e9 en 2020 une concertation sur la construction d&rsquo;une ligne \u00e0 grande vitesse entre Montpellier et Perpignan, afin de r\u00e9duire les temps de parcours, de fluidifier le trafic vers l&rsquo;Espagne et de lib\u00e9rer [&hellip;]<\/p>\n","protected":false},"author":1,"featured_media":0,"parent":0,"menu_order":0,"comment_status":"closed","ping_status":"closed","template":"","meta":{"ocean_post_layout":"","ocean_both_sidebars_style":"","ocean_both_sidebars_content_width":0,"ocean_both_sidebars_sidebars_width":0,"ocean_sidebar":"","ocean_second_sidebar":"","ocean_disable_margins":"enable","ocean_add_body_class":"","ocean_shortcode_before_top_bar":"","ocean_shortcode_after_top_bar":"","ocean_shortcode_before_header":"","ocean_shortcode_after_header":"","ocean_has_shortcode":"","ocean_shortcode_after_title":"","ocean_shortcode_before_footer_widgets":"","ocean_shortcode_after_footer_widgets":"","ocean_shortcode_before_footer_bottom":"","ocean_shortcode_after_footer_bottom":"","ocean_display_top_bar":"default","ocean_display_header":"default","ocean_header_style":"","ocean_center_header_left_menu":"","ocean_custom_header_template":"","ocean_custom_logo":0,"ocean_custom_retina_logo":0,"ocean_custom_logo_max_width":0,"ocean_custom_logo_tablet_max_width":0,"ocean_custom_logo_mobile_max_width":0,"ocean_custom_logo_max_height":0,"ocean_custom_logo_tablet_max_height":0,"ocean_custom_logo_mobile_max_height":0,"ocean_header_custom_menu":"","ocean_menu_typo_font_family":"","ocean_menu_typo_font_subset":"","ocean_menu_typo_font_size":0,"ocean_menu_typo_font_size_tablet":0,"ocean_menu_typo_font_size_mobile":0,"ocean_menu_typo_font_size_unit":"px","ocean_menu_typo_font_weight":"","ocean_menu_typo_font_weight_tablet":"","ocean_menu_typo_font_weight_mobile":"","ocean_menu_typo_transform":"","ocean_menu_typo_transform_tablet":"","ocean_menu_typo_transform_mobile":"","ocean_menu_typo_line_height":0,"ocean_menu_typo_line_height_tablet":0,"ocean_menu_typo_line_height_mobile":0,"ocean_menu_typo_line_height_unit":"","ocean_menu_typo_spacing":0,"ocean_menu_typo_spacing_tablet":0,"ocean_menu_typo_spacing_mobile":0,"ocean_menu_typo_spacing_unit":"","ocean_menu_link_color":"","ocean_menu_link_color_hover":"","ocean_menu_link_color_active":"","ocean_menu_link_background":"","ocean_menu_link_hover_background":"","ocean_menu_link_active_background":"","ocean_menu_social_links_bg":"","ocean_menu_social_hover_links_bg":"","ocean_menu_social_links_color":"","ocean_menu_social_hover_links_color":"","ocean_disable_title":"default","ocean_disable_heading":"default","ocean_post_title":"","ocean_post_subheading":"","ocean_post_title_style":"","ocean_post_title_background_color":"","ocean_post_title_background":0,"ocean_post_title_bg_image_position":"","ocean_post_title_bg_image_attachment":"","ocean_post_title_bg_image_repeat":"","ocean_post_title_bg_image_size":"","ocean_post_title_height":0,"ocean_post_title_bg_overlay":0.5,"ocean_post_title_bg_overlay_color":"","ocean_disable_breadcrumbs":"default","ocean_breadcrumbs_color":"","ocean_breadcrumbs_separator_color":"","ocean_breadcrumbs_links_color":"","ocean_breadcrumbs_links_hover_color":"","ocean_display_footer_widgets":"default","ocean_display_footer_bottom":"default","ocean_custom_footer_template":"","footnotes":""},"class_list":["post-4507","page","type-page","status-publish","hentry","entry"],"rttpg_featured_image_url":null,"rttpg_author":{"display_name":"Fr\u00e9d\u00e9ric","author_link":"https:\/\/enteka.fr\/index.php\/author\/admin2546\/"},"rttpg_comment":0,"rttpg_category":null,"rttpg_excerpt":"Gestionnaire d&rsquo;infrastructure du r\u00e9seau ferr\u00e9 national, SNCF R\u00e9seau est une filiale du Groupe SNCF d\u00e9tenue \u00e0 100% par l&rsquo;Etat.\u00a0 SNCF R\u00e9seau a organis\u00e9 en 2020 une concertation sur la construction d&rsquo;une ligne \u00e0 grande vitesse entre Montpellier et Perpignan, afin de r\u00e9duire les temps de parcours, de fluidifier le trafic vers l&rsquo;Espagne et de lib\u00e9rer\u2026","_links":{"self":[{"href":"https:\/\/enteka.fr\/index.php\/wp-json\/wp\/v2\/pages\/4507","targetHints":{"allow":["GET"]}}],"collection":[{"href":"https:\/\/enteka.fr\/index.php\/wp-json\/wp\/v2\/pages"}],"about":[{"href":"https:\/\/enteka.fr\/index.php\/wp-json\/wp\/v2\/types\/page"}],"author":[{"embeddable":true,"href":"https:\/\/enteka.fr\/index.php\/wp-json\/wp\/v2\/users\/1"}],"replies":[{"embeddable":true,"href":"https:\/\/enteka.fr\/index.php\/wp-json\/wp\/v2\/comments?post=4507"}],"version-history":[{"count":16,"href":"https:\/\/enteka.fr\/index.php\/wp-json\/wp\/v2\/pages\/4507\/revisions"}],"predecessor-version":[{"id":4750,"href":"https:\/\/enteka.fr\/index.php\/wp-json\/wp\/v2\/pages\/4507\/revisions\/4750"}],"wp:attachment":[{"href":"https:\/\/enteka.fr\/index.php\/wp-json\/wp\/v2\/media?parent=4507"}],"curies":[{"name":"wp","href":"https:\/\/api.w.org\/{rel}","templated":true}]}}