{"id":4584,"date":"2025-09-22T10:57:28","date_gmt":"2025-09-22T08:57:28","guid":{"rendered":"https:\/\/enteka.fr\/?page_id=4584"},"modified":"2025-09-22T11:21:09","modified_gmt":"2025-09-22T09:21:09","slug":"blog","status":"publish","type":"page","link":"https:\/\/enteka.fr\/index.php\/blog\/","title":{"rendered":"Blog"},"content":{"rendered":"\t\t<div data-elementor-type=\"wp-page\" data-elementor-id=\"4584\" class=\"elementor elementor-4584\" data-elementor-post-type=\"page\">\n\t\t\t\t\t\t<section class=\"elementor-section elementor-top-section elementor-element elementor-element-55bd8e76 elementor-section-full_width elementor-section-stretched elementor-section-height-default elementor-section-height-default\" data-id=\"55bd8e76\" data-element_type=\"section\" data-e-type=\"section\" data-settings=\"{&quot;stretch_section&quot;:&quot;section-stretched&quot;,&quot;shape_divider_top&quot;:&quot;opacity-tilt&quot;}\">\n\t\t\t\t\t<div class=\"elementor-shape elementor-shape-top\" aria-hidden=\"true\" data-negative=\"false\">\n\t\t\t<svg xmlns=\"http:\/\/www.w3.org\/2000\/svg\" viewBox=\"0 0 2600 131.1\" preserveAspectRatio=\"none\">\n\t<path class=\"elementor-shape-fill\" d=\"M0 0L2600 0 2600 69.1 0 0z\"\/>\n\t<path class=\"elementor-shape-fill\" style=\"opacity:0.5\" d=\"M0 0L2600 0 2600 69.1 0 69.1z\"\/>\n\t<path class=\"elementor-shape-fill\" style=\"opacity:0.25\" d=\"M2600 0L0 0 0 130.1 2600 69.1z\"\/>\n<\/svg>\t\t<\/div>\n\t\t\t\t\t<div class=\"elementor-container elementor-column-gap-default\">\n\t\t\t\t\t<div class=\"elementor-column elementor-col-100 elementor-top-column elementor-element elementor-element-222091ed\" data-id=\"222091ed\" data-element_type=\"column\" data-e-type=\"column\">\n\t\t\t<div class=\"elementor-widget-wrap elementor-element-populated\">\n\t\t\t\t\t\t<div class=\"elementor-element elementor-element-21f2ae62 elementor-widget elementor-widget-image\" data-id=\"21f2ae62\" data-element_type=\"widget\" data-e-type=\"widget\" data-widget_type=\"image.default\">\n\t\t\t\t<div class=\"elementor-widget-container\">\n\t\t\t\t\t\t\t\t\t\t\t\t\t\t\t<img fetchpriority=\"high\" decoding=\"async\" width=\"800\" height=\"423\" src=\"https:\/\/enteka.fr\/wp-content\/uploads\/2025\/09\/blogenteka.jpg\" class=\"attachment-full size-full wp-image-4589\" alt=\"\" srcset=\"https:\/\/enteka.fr\/wp-content\/uploads\/2025\/09\/blogenteka.jpg 800w, https:\/\/enteka.fr\/wp-content\/uploads\/2025\/09\/blogenteka-300x159.jpg 300w, https:\/\/enteka.fr\/wp-content\/uploads\/2025\/09\/blogenteka-768x406.jpg 768w\" sizes=\"(max-width: 800px) 100vw, 800px\" \/>\t\t\t\t\t\t\t\t\t\t\t\t\t\t\t<\/div>\n\t\t\t\t<\/div>\n\t\t\t\t<div class=\"elementor-element elementor-element-a3c9806 elementor-widget__width-initial elementor-widget elementor-widget-heading\" data-id=\"a3c9806\" data-element_type=\"widget\" data-e-type=\"widget\" data-widget_type=\"heading.default\">\n\t\t\t\t<div class=\"elementor-widget-container\">\n\t\t\t\t\t<h2 class=\"elementor-heading-title elementor-size-default\">Enteka, le blog<\/h2>\t\t\t\t<\/div>\n\t\t\t\t<\/div>\n\t\t\t\t\t<\/div>\n\t\t<\/div>\n\t\t\t\t\t<\/div>\n\t\t<\/section>\n\t\t\t\t<section class=\"elementor-section elementor-top-section elementor-element elementor-element-a485585 elementor-section-boxed elementor-section-height-default elementor-section-height-default\" data-id=\"a485585\" data-element_type=\"section\" data-e-type=\"section\">\n\t\t\t\t\t\t<div class=\"elementor-container elementor-column-gap-default\">\n\t\t\t\t\t<div class=\"elementor-column elementor-col-100 elementor-top-column elementor-element elementor-element-732831c\" data-id=\"732831c\" data-element_type=\"column\" data-e-type=\"column\">\n\t\t\t<div class=\"elementor-widget-wrap elementor-element-populated\">\n\t\t\t\t\t\t<div class=\"elementor-element elementor-element-ecb35fb elementor-widget elementor-widget-text-editor\" data-id=\"ecb35fb\" data-element_type=\"widget\" data-e-type=\"widget\" data-widget_type=\"text-editor.default\">\n\t\t\t\t<div class=\"elementor-widget-container\">\n\t\t\t\t\t\t\t\t\t<p>Interviews, nouveaux clients, analyses de cas concrets, bilans d&rsquo;actions engag\u00e9es&#8230; Retrouvez sur le blog toute l&rsquo;actualit\u00e9 d&rsquo;Enteka.<\/p>\t\t\t\t\t\t\t\t<\/div>\n\t\t\t\t<\/div>\n\t\t\t\t<div class=\"elementor-element elementor-element-da74384 title_position_default title_hover_border_default title-default img_hover_animation_default readmore-btn-default-style grid-hover-overlay-type-always tpg-el-box-border-enable tpg-border-bottom-disable elementor-widget elementor-widget-tpg-grid-layout\" data-id=\"da74384\" data-element_type=\"widget\" data-e-type=\"widget\" data-widget_type=\"tpg-grid-layout.default\">\n\t\t\t\t<div class=\"elementor-widget-container\">\n\t\t\t\t\t\t\t<div class=\"rt-container-fluid rt-tpg-container tpg-el-main-wrapper clearfix grid-layout1-main \"\n\t\t\t id=\"rt-tpg-container-2180369112\"\n\t\t\t data-layout=\"grid-layout1\"\n\t\t\t data-grid-style=\"tpg-full-height\"\n\t\t\t data-sc-id=\"elementor\"\n\t\t\t data-el-settings=''\n\t\t\t data-el-query=''\n\t\t\t data-el-path=''\n\t\t>\n\t\t\t\t\t\t<div class='tpg-header-wrapper '>\n\t\t\t\t\t\t\t<\/div>\n\n\t\t\t<div data-title=\"Loading ...\" class=\"rt-row rt-content-loader grid-layout1 grid-behaviour tpg-full-height grid_layout_wrapper\">\n\t\t\t\t<div class=\"rt-col-md-4 rt-col-sm-6 rt-col-xs-12 default rt-grid-item post-4761 post type-post status-publish format-standard has-post-thumbnail hentry category-actualites category-formation entry has-media\"\t\tdata-id=\"4761\">\n\t<div class=\"rt-holder tpg-post-holder \">\n\t\t<div class=\"rt-detail rt-el-content-wrapper\">\n\t\t\t\t\t\t\t<div class=\"rt-img-holder tpg-el-image-wrap has-thumbnail\">\n\t\t\t\t\t<a data-id=\"4761\" href=\"https:\/\/enteka.fr\/index.php\/2025\/10\/12\/mediatraining-lagenda\/\" class=\"tpg-post-link\" target=\"_self\">                        <img decoding=\"async\" src=\"https:\/\/enteka.fr\/wp-content\/uploads\/2025\/10\/mediatraining-768x406.jpg\"\n                             class=\"rt-img-responsive\"\n                             width=\"768\"\n                             height=\"406\"\n                             alt=\"Mediatraining : \u00ab\u00a0l&rsquo;agenda\u00a0\u00bb\">\n\t\t\t\t\t\t\n\t\t\t\t\t\t\t\n\t\t<\/a>\n\t\t        <div class=\"overlay grid-hover-content\"><\/div>\n\t\t\t\t\t\t<\/div>\n\t\t\t\n\t\t\t<div class=\"entry-title-wrapper\"><h3 class=\"entry-title\"><a data-id=\"4761\" href=\"https:\/\/enteka.fr\/index.php\/2025\/10\/12\/mediatraining-lagenda\/\" class=\"tpg-post-link\" target=\"_self\">Mediatraining : \u00ab\u00a0l&rsquo;agenda\u00a0\u00bb<\/a><\/h3><\/div>\n\t\t\t\n\n\t\t\t\t\t\t\t<div class=\"tpg-excerpt tpg-el-excerpt\">\n\t\t\t\t\t\t\t\t\t\t\t<div class=\"tpg-excerpt-inner\">\n\t\t\t\t\t\t\tPetit spoiler de la formation \"media training\" que je dispense actuellement \u00e0 des candidats aux \u00e9lections municipales, pour illustrer la notion \"d'agenda\"...\t\t\t\t\t\t<\/div>\n\t\t\t\t\t\t\t\t\t\t\t\t\t\t<\/div>\n\t\t\t\n\t\t\t        <div class=\"post-footer\">\n            <div class=\"post-footer\">\n                <div class=\"read-more\">\n\t\t\t\t\t<a data-id=\"4761\" href=\"https:\/\/enteka.fr\/index.php\/2025\/10\/12\/mediatraining-lagenda\/\" class=\"tpg-post-link\" target=\"_self\">Lire la suite<\/a>                <\/div>\n            <\/div>\n        <\/div>\n\t\t\t\t<\/div>\n\t<\/div>\n<\/div>\n<div class=\"rt-col-md-4 rt-col-sm-6 rt-col-xs-12 default rt-grid-item post-4567 post type-post status-publish format-standard has-post-thumbnail hentry category-new-biz entry has-media\"\t\tdata-id=\"4567\">\n\t<div class=\"rt-holder tpg-post-holder \">\n\t\t<div class=\"rt-detail rt-el-content-wrapper\">\n\t\t\t\t\t\t\t<div class=\"rt-img-holder tpg-el-image-wrap has-thumbnail\">\n\t\t\t\t\t<a data-id=\"4567\" href=\"https:\/\/enteka.fr\/index.php\/2025\/09\/22\/colloque-apaiser-sc-2026\/\" class=\"tpg-post-link\" target=\"_self\">                        <img decoding=\"async\" src=\"https:\/\/enteka.fr\/wp-content\/uploads\/2025\/09\/colloque25actu-768x406.jpg\"\n                             class=\"rt-img-responsive\"\n                             width=\"768\"\n                             height=\"406\"\n                             alt=\"Colloque Apaiser S&amp;C 2026\">\n\t\t\t\t\t\t\n\t\t\t\t\t\t\t\n\t\t<\/a>\n\t\t        <div class=\"overlay grid-hover-content\"><\/div>\n\t\t\t\t\t\t<\/div>\n\t\t\t\n\t\t\t<div class=\"entry-title-wrapper\"><h3 class=\"entry-title\"><a data-id=\"4567\" href=\"https:\/\/enteka.fr\/index.php\/2025\/09\/22\/colloque-apaiser-sc-2026\/\" class=\"tpg-post-link\" target=\"_self\">Colloque Apaiser S&amp;C 2026<\/a><\/h3><\/div>\n\t\t\t\n\n\t\t\t\t\t\t\t<div class=\"tpg-excerpt tpg-el-excerpt\">\n\t\t\t\t\t\t\t\t\t\t\t<div class=\"tpg-excerpt-inner\">\n\t\t\t\t\t\t\tPour la deuxi\u00e8me ann\u00e9e cons\u00e9cutive, Enteka se voit confier l'animation du colloque annuel de l'association Apaiser S&amp;C. Celui-ci se tiendra pour la premi\u00e8re fois en r\u00e9gions, \u00e0 Lyon, les 21 et 22 mars...\t\t\t\t\t\t<\/div>\n\t\t\t\t\t\t\t\t\t\t\t\t\t\t<\/div>\n\t\t\t\n\t\t\t        <div class=\"post-footer\">\n            <div class=\"post-footer\">\n                <div class=\"read-more\">\n\t\t\t\t\t<a data-id=\"4567\" href=\"https:\/\/enteka.fr\/index.php\/2025\/09\/22\/colloque-apaiser-sc-2026\/\" class=\"tpg-post-link\" target=\"_self\">Lire la suite<\/a>                <\/div>\n            <\/div>\n        <\/div>\n\t\t\t\t<\/div>\n\t<\/div>\n<\/div>\n<div class=\"rt-col-md-4 rt-col-sm-6 rt-col-xs-12 default rt-grid-item post-4571 post type-post status-publish format-standard has-post-thumbnail hentry category-actualites entry has-media\"\t\tdata-id=\"4571\">\n\t<div class=\"rt-holder tpg-post-holder \">\n\t\t<div class=\"rt-detail rt-el-content-wrapper\">\n\t\t\t\t\t\t\t<div class=\"rt-img-holder tpg-el-image-wrap has-thumbnail\">\n\t\t\t\t\t<a data-id=\"4571\" href=\"https:\/\/enteka.fr\/index.php\/2025\/09\/01\/clap-de-fin-pour-amylife\/\" class=\"tpg-post-link\" target=\"_self\">                        <img loading=\"lazy\" decoding=\"async\" src=\"https:\/\/enteka.fr\/wp-content\/uploads\/2025\/09\/amylife_actu-768x406.jpg\"\n                             class=\"rt-img-responsive\"\n                             width=\"768\"\n                             height=\"406\"\n                             alt=\"Clap de fin pour Amylife\">\n\t\t\t\t\t\t\n\t\t\t\t\t\t\t\n\t\t<\/a>\n\t\t        <div class=\"overlay grid-hover-content\"><\/div>\n\t\t\t\t\t\t<\/div>\n\t\t\t\n\t\t\t<div class=\"entry-title-wrapper\"><h3 class=\"entry-title\"><a data-id=\"4571\" href=\"https:\/\/enteka.fr\/index.php\/2025\/09\/01\/clap-de-fin-pour-amylife\/\" class=\"tpg-post-link\" target=\"_self\">Clap de fin pour Amylife<\/a><\/h3><\/div>\n\t\t\t\n\n\t\t\t\t\t\t\t<div class=\"tpg-excerpt tpg-el-excerpt\">\n\t\t\t\t\t\t\t\t\t\t\t<div class=\"tpg-excerpt-inner\">\n\t\t\t\t\t\t\tConfi\u00e9e \u00e0 Enteka en 2024, par l'Amyloidis Alliance, l'\u00e9tude internationale Amylife est clotur\u00e9e depuis le mois de mai 2025. L'occasion d'un point sur la participation...\t\t\t\t\t\t<\/div>\n\t\t\t\t\t\t\t\t\t\t\t\t\t\t<\/div>\n\t\t\t\n\t\t\t        <div class=\"post-footer\">\n            <div class=\"post-footer\">\n                <div class=\"read-more\">\n\t\t\t\t\t<a data-id=\"4571\" href=\"https:\/\/enteka.fr\/index.php\/2025\/09\/01\/clap-de-fin-pour-amylife\/\" class=\"tpg-post-link\" target=\"_self\">Lire la suite<\/a>                <\/div>\n            <\/div>\n        <\/div>\n\t\t\t\t<\/div>\n\t<\/div>\n<\/div>\n<div class=\"rt-col-md-4 rt-col-sm-6 rt-col-xs-12 default rt-grid-item post-4148 post type-post status-publish format-standard has-post-thumbnail hentry category-interview entry has-media\"\t\tdata-id=\"4148\">\n\t<div class=\"rt-holder tpg-post-holder \">\n\t\t<div class=\"rt-detail rt-el-content-wrapper\">\n\t\t\t\t\t\t\t<div class=\"rt-img-holder tpg-el-image-wrap has-thumbnail\">\n\t\t\t\t\t<a data-id=\"4148\" href=\"https:\/\/enteka.fr\/index.php\/2025\/08\/30\/debat-nfl-bilan\/\" class=\"tpg-post-link\" target=\"_self\">                        <img loading=\"lazy\" decoding=\"async\" src=\"https:\/\/enteka.fr\/wp-content\/uploads\/2020\/10\/JeanClaudeRuysschaert-1-768x406.jpg\"\n                             class=\"rt-img-responsive\"\n                             width=\"768\"\n                             height=\"406\"\n                             alt=\"D\u00e9bat public NFL : quel bilan de communication ?\">\n\t\t\t\t\t\t\n\t\t\t\t\t\t\t\n\t\t<\/a>\n\t\t        <div class=\"overlay grid-hover-content\"><\/div>\n\t\t\t\t\t\t<\/div>\n\t\t\t\n\t\t\t<div class=\"entry-title-wrapper\"><h3 class=\"entry-title\"><a data-id=\"4148\" href=\"https:\/\/enteka.fr\/index.php\/2025\/08\/30\/debat-nfl-bilan\/\" class=\"tpg-post-link\" target=\"_self\">D\u00e9bat public NFL : quel bilan de communication ?<\/a><\/h3><\/div>\n\t\t\t\n\n\t\t\t\t\t\t\t<div class=\"tpg-excerpt tpg-el-excerpt\">\n\t\t\t\t\t\t\t\t\t\t\t<div class=\"tpg-excerpt-inner\">\n\t\t\t\t\t\t\tEntretien avec Jean-Claude Ruysschaert, Pr\u00e9sident de la Commission du D\u00e9bat public sur le noeud ferroviaire lyonnais...\t\t\t\t\t\t<\/div>\n\t\t\t\t\t\t\t\t\t\t\t\t\t\t<\/div>\n\t\t\t\n\t\t\t        <div class=\"post-footer\">\n            <div class=\"post-footer\">\n                <div class=\"read-more\">\n\t\t\t\t\t<a data-id=\"4148\" href=\"https:\/\/enteka.fr\/index.php\/2025\/08\/30\/debat-nfl-bilan\/\" class=\"tpg-post-link\" target=\"_self\">Lire la suite<\/a>                <\/div>\n            <\/div>\n        <\/div>\n\t\t\t\t<\/div>\n\t<\/div>\n<\/div>\n<div class=\"rt-col-md-4 rt-col-sm-6 rt-col-xs-12 default rt-grid-item post-4555 post type-post status-publish format-standard has-post-thumbnail hentry category-billet entry has-media\"\t\tdata-id=\"4555\">\n\t<div class=\"rt-holder tpg-post-holder \">\n\t\t<div class=\"rt-detail rt-el-content-wrapper\">\n\t\t\t\t\t\t\t<div class=\"rt-img-holder tpg-el-image-wrap has-thumbnail\">\n\t\t\t\t\t<a data-id=\"4555\" href=\"https:\/\/enteka.fr\/index.php\/2025\/08\/25\/enteka-kezako\/\" class=\"tpg-post-link\" target=\"_self\">                        <img loading=\"lazy\" decoding=\"async\" src=\"https:\/\/enteka.fr\/wp-content\/uploads\/2025\/09\/entekalogo-768x406.jpg\"\n                             class=\"rt-img-responsive\"\n                             width=\"768\"\n                             height=\"406\"\n                             alt=\"Enteka k\u00e9zako ?\">\n\t\t\t\t\t\t\n\t\t\t\t\t\t\t\n\t\t<\/a>\n\t\t        <div class=\"overlay grid-hover-content\"><\/div>\n\t\t\t\t\t\t<\/div>\n\t\t\t\n\t\t\t<div class=\"entry-title-wrapper\"><h3 class=\"entry-title\"><a data-id=\"4555\" href=\"https:\/\/enteka.fr\/index.php\/2025\/08\/25\/enteka-kezako\/\" class=\"tpg-post-link\" target=\"_self\">Enteka k\u00e9zako ?<\/a><\/h3><\/div>\n\t\t\t\n\n\t\t\t\t\t\t\t<div class=\"tpg-excerpt tpg-el-excerpt\">\n\t\t\t\t\t\t\t\t\t\t\t<div class=\"tpg-excerpt-inner\">\n\t\t\t\t\t\t\tJe voulais que mon entreprise porte un pr\u00e9nom...\t\t\t\t\t\t<\/div>\n\t\t\t\t\t\t\t\t\t\t\t\t\t\t<\/div>\n\t\t\t\n\t\t\t        <div class=\"post-footer\">\n            <div class=\"post-footer\">\n                <div class=\"read-more\">\n\t\t\t\t\t<a data-id=\"4555\" href=\"https:\/\/enteka.fr\/index.php\/2025\/08\/25\/enteka-kezako\/\" class=\"tpg-post-link\" target=\"_self\">Lire la suite<\/a>                <\/div>\n            <\/div>\n        <\/div>\n\t\t\t\t<\/div>\n\t<\/div>\n<\/div>\n\t\t\t<\/div>\n\t\t\t\n\t\t<\/div>\n\t\t\t\t\t\t<\/div>\n\t\t\t\t<\/div>\n\t\t\t\t\t<\/div>\n\t\t<\/div>\n\t\t\t\t\t<\/div>\n\t\t<\/section>\n\t\t\t\t<\/div>\n\t\t","protected":false},"excerpt":{"rendered":"<p>Enteka, le blog Interviews, nouveaux clients, analyses de cas concrets, bilans d&rsquo;actions engag\u00e9es&#8230; Retrouvez sur le blog toute l&rsquo;actualit\u00e9 d&rsquo;Enteka. Colloque Apaiser S&amp;C 2026 Pour la deuxi\u00e8me ann\u00e9e cons\u00e9cutive, Enteka se voit confier l&rsquo;animation du colloque annuel de l&rsquo;association Apaiser S&amp;C. Celui-ci se tiendra pour la premi\u00e8re fois en r\u00e9gions, \u00e0 Lyon, les 21 et [&hellip;]<\/p>\n","protected":false},"author":1,"featured_media":0,"parent":0,"menu_order":0,"comment_status":"closed","ping_status":"closed","template":"","meta":{"ocean_post_layout":"","ocean_both_sidebars_style":"","ocean_both_sidebars_content_width":0,"ocean_both_sidebars_sidebars_width":0,"ocean_sidebar":"","ocean_second_sidebar":"","ocean_disable_margins":"enable","ocean_add_body_class":"","ocean_shortcode_before_top_bar":"","ocean_shortcode_after_top_bar":"","ocean_shortcode_before_header":"","ocean_shortcode_after_header":"","ocean_has_shortcode":"","ocean_shortcode_after_title":"","ocean_shortcode_before_footer_widgets":"","ocean_shortcode_after_footer_widgets":"","ocean_shortcode_before_footer_bottom":"","ocean_shortcode_after_footer_bottom":"","ocean_display_top_bar":"default","ocean_display_header":"default","ocean_header_style":"","ocean_center_header_left_menu":"","ocean_custom_header_template":"","ocean_custom_logo":0,"ocean_custom_retina_logo":0,"ocean_custom_logo_max_width":0,"ocean_custom_logo_tablet_max_width":0,"ocean_custom_logo_mobile_max_width":0,"ocean_custom_logo_max_height":0,"ocean_custom_logo_tablet_max_height":0,"ocean_custom_logo_mobile_max_height":0,"ocean_header_custom_menu":"","ocean_menu_typo_font_family":"","ocean_menu_typo_font_subset":"","ocean_menu_typo_font_size":0,"ocean_menu_typo_font_size_tablet":0,"ocean_menu_typo_font_size_mobile":0,"ocean_menu_typo_font_size_unit":"px","ocean_menu_typo_font_weight":"","ocean_menu_typo_font_weight_tablet":"","ocean_menu_typo_font_weight_mobile":"","ocean_menu_typo_transform":"","ocean_menu_typo_transform_tablet":"","ocean_menu_typo_transform_mobile":"","ocean_menu_typo_line_height":0,"ocean_menu_typo_line_height_tablet":0,"ocean_menu_typo_line_height_mobile":0,"ocean_menu_typo_line_height_unit":"","ocean_menu_typo_spacing":0,"ocean_menu_typo_spacing_tablet":0,"ocean_menu_typo_spacing_mobile":0,"ocean_menu_typo_spacing_unit":"","ocean_menu_link_color":"","ocean_menu_link_color_hover":"","ocean_menu_link_color_active":"","ocean_menu_link_background":"","ocean_menu_link_hover_background":"","ocean_menu_link_active_background":"","ocean_menu_social_links_bg":"","ocean_menu_social_hover_links_bg":"","ocean_menu_social_links_color":"","ocean_menu_social_hover_links_color":"","ocean_disable_title":"default","ocean_disable_heading":"default","ocean_post_title":"","ocean_post_subheading":"","ocean_post_title_style":"","ocean_post_title_background_color":"","ocean_post_title_background":0,"ocean_post_title_bg_image_position":"","ocean_post_title_bg_image_attachment":"","ocean_post_title_bg_image_repeat":"","ocean_post_title_bg_image_size":"","ocean_post_title_height":0,"ocean_post_title_bg_overlay":0.5,"ocean_post_title_bg_overlay_color":"","ocean_disable_breadcrumbs":"default","ocean_breadcrumbs_color":"","ocean_breadcrumbs_separator_color":"","ocean_breadcrumbs_links_color":"","ocean_breadcrumbs_links_hover_color":"","ocean_display_footer_widgets":"default","ocean_display_footer_bottom":"default","ocean_custom_footer_template":"","footnotes":""},"class_list":["post-4584","page","type-page","status-publish","hentry","entry","has-media"],"rttpg_featured_image_url":null,"rttpg_author":{"display_name":"Fr\u00e9d\u00e9ric","author_link":"https:\/\/enteka.fr\/index.php\/author\/admin2546\/"},"rttpg_comment":0,"rttpg_category":"","rttpg_excerpt":"Enteka, le blog Interviews, nouveaux clients, analyses de cas concrets, bilans d&rsquo;actions engag\u00e9es&#8230; Retrouvez sur le blog toute l&rsquo;actualit\u00e9 d&rsquo;Enteka. Colloque Apaiser S&amp;C 2026 Pour la deuxi\u00e8me ann\u00e9e cons\u00e9cutive, Enteka se voit confier l&rsquo;animation du colloque annuel de l&rsquo;association Apaiser S&amp;C. Celui-ci se tiendra pour la premi\u00e8re fois en r\u00e9gions, \u00e0 Lyon, les 21 et\u2026","_links":{"self":[{"href":"https:\/\/enteka.fr\/index.php\/wp-json\/wp\/v2\/pages\/4584","targetHints":{"allow":["GET"]}}],"collection":[{"href":"https:\/\/enteka.fr\/index.php\/wp-json\/wp\/v2\/pages"}],"about":[{"href":"https:\/\/enteka.fr\/index.php\/wp-json\/wp\/v2\/types\/page"}],"author":[{"embeddable":true,"href":"https:\/\/enteka.fr\/index.php\/wp-json\/wp\/v2\/users\/1"}],"replies":[{"embeddable":true,"href":"https:\/\/enteka.fr\/index.php\/wp-json\/wp\/v2\/comments?post=4584"}],"version-history":[{"count":25,"href":"https:\/\/enteka.fr\/index.php\/wp-json\/wp\/v2\/pages\/4584\/revisions"}],"predecessor-version":[{"id":4619,"href":"https:\/\/enteka.fr\/index.php\/wp-json\/wp\/v2\/pages\/4584\/revisions\/4619"}],"wp:attachment":[{"href":"https:\/\/enteka.fr\/index.php\/wp-json\/wp\/v2\/media?parent=4584"}],"curies":[{"name":"wp","href":"https:\/\/api.w.org\/{rel}","templated":true}]}}