{"id":4659,"date":"2025-09-22T17:35:29","date_gmt":"2025-09-22T15:35:29","guid":{"rendered":"https:\/\/enteka.fr\/?page_id=4659"},"modified":"2025-09-22T19:21:54","modified_gmt":"2025-09-22T17:21:54","slug":"vinci-autoroutes","status":"publish","type":"page","link":"https:\/\/enteka.fr\/index.php\/vinci-autoroutes\/","title":{"rendered":"Vinci Autoroutes"},"content":{"rendered":"\t\t<div data-elementor-type=\"wp-page\" data-elementor-id=\"4659\" class=\"elementor elementor-4659\" data-elementor-post-type=\"page\">\n\t\t\t\t\t\t<section class=\"elementor-section elementor-top-section elementor-element elementor-element-6fe785de elementor-section-full_width elementor-section-stretched elementor-section-height-default elementor-section-height-default\" data-id=\"6fe785de\" data-element_type=\"section\" data-e-type=\"section\" data-settings=\"{&quot;stretch_section&quot;:&quot;section-stretched&quot;,&quot;shape_divider_top&quot;:&quot;opacity-tilt&quot;}\">\n\t\t\t\t\t<div class=\"elementor-shape elementor-shape-top\" aria-hidden=\"true\" data-negative=\"false\">\n\t\t\t<svg xmlns=\"http:\/\/www.w3.org\/2000\/svg\" viewBox=\"0 0 2600 131.1\" preserveAspectRatio=\"none\">\n\t<path class=\"elementor-shape-fill\" d=\"M0 0L2600 0 2600 69.1 0 0z\"\/>\n\t<path class=\"elementor-shape-fill\" style=\"opacity:0.5\" d=\"M0 0L2600 0 2600 69.1 0 69.1z\"\/>\n\t<path class=\"elementor-shape-fill\" style=\"opacity:0.25\" d=\"M2600 0L0 0 0 130.1 2600 69.1z\"\/>\n<\/svg>\t\t<\/div>\n\t\t\t\t\t<div class=\"elementor-container elementor-column-gap-default\">\n\t\t\t\t\t<div class=\"elementor-column elementor-col-100 elementor-top-column elementor-element elementor-element-36bd57b\" data-id=\"36bd57b\" data-element_type=\"column\" data-e-type=\"column\">\n\t\t\t<div class=\"elementor-widget-wrap elementor-element-populated\">\n\t\t\t\t\t\t<div class=\"elementor-element elementor-element-4460df94 elementor-widget elementor-widget-image\" data-id=\"4460df94\" data-element_type=\"widget\" data-e-type=\"widget\" data-widget_type=\"image.default\">\n\t\t\t\t<div class=\"elementor-widget-container\">\n\t\t\t\t\t\t\t\t\t\t\t\t\t\t\t<img fetchpriority=\"high\" decoding=\"async\" width=\"800\" height=\"423\" src=\"https:\/\/enteka.fr\/wp-content\/uploads\/2025\/09\/vincibanniere.jpg\" class=\"attachment-full size-full wp-image-4678\" alt=\"\" srcset=\"https:\/\/enteka.fr\/wp-content\/uploads\/2025\/09\/vincibanniere.jpg 800w, https:\/\/enteka.fr\/wp-content\/uploads\/2025\/09\/vincibanniere-300x159.jpg 300w, https:\/\/enteka.fr\/wp-content\/uploads\/2025\/09\/vincibanniere-768x406.jpg 768w\" sizes=\"(max-width: 800px) 100vw, 800px\" \/>\t\t\t\t\t\t\t\t\t\t\t\t\t\t\t<\/div>\n\t\t\t\t<\/div>\n\t\t\t\t\t<\/div>\n\t\t<\/div>\n\t\t\t\t\t<\/div>\n\t\t<\/section>\n\t\t\t\t<section class=\"elementor-section elementor-top-section elementor-element elementor-element-285508a elementor-section-boxed elementor-section-height-default elementor-section-height-default\" data-id=\"285508a\" data-element_type=\"section\" data-e-type=\"section\">\n\t\t\t\t\t\t<div class=\"elementor-container elementor-column-gap-default\">\n\t\t\t\t\t<div class=\"elementor-column elementor-col-50 elementor-top-column elementor-element elementor-element-54a4991d\" data-id=\"54a4991d\" data-element_type=\"column\" data-e-type=\"column\">\n\t\t\t<div class=\"elementor-widget-wrap elementor-element-populated\">\n\t\t\t\t\t\t<div class=\"elementor-element elementor-element-57981160 elementor-widget elementor-widget-image\" data-id=\"57981160\" data-element_type=\"widget\" data-e-type=\"widget\" data-widget_type=\"image.default\">\n\t\t\t\t<div class=\"elementor-widget-container\">\n\t\t\t\t\t\t\t\t\t\t\t\t\t\t\t<img decoding=\"async\" width=\"300\" height=\"300\" src=\"https:\/\/enteka.fr\/wp-content\/uploads\/2025\/09\/logovinci.jpg\" class=\"attachment-large size-large wp-image-4665\" alt=\"\" srcset=\"https:\/\/enteka.fr\/wp-content\/uploads\/2025\/09\/logovinci.jpg 300w, https:\/\/enteka.fr\/wp-content\/uploads\/2025\/09\/logovinci-150x150.jpg 150w\" sizes=\"(max-width: 300px) 100vw, 300px\" \/>\t\t\t\t\t\t\t\t\t\t\t\t\t\t\t<\/div>\n\t\t\t\t<\/div>\n\t\t\t\t<div class=\"elementor-element elementor-element-64683cf8 elementor-widget elementor-widget-text-editor\" data-id=\"64683cf8\" data-element_type=\"widget\" data-e-type=\"widget\" data-widget_type=\"text-editor.default\">\n\t\t\t\t<div class=\"elementor-widget-container\">\n\t\t\t\t\t\t\t\t\t<p><em>Concessionnaire de 4443 km d&rsquo;autoroutes au travers des soci\u00e9t\u00e9s ASF, Cofiroute, Escota, Arcour et Arcos, Vinci Autoroutes, \u00a0finance, con\u00e7oit, construit et exploite des autoroutes accueillant en moyenne\u00a0 2,5 millions d\u2019automobilistes par jour.\u00a0<\/em><\/p><p><em>Enteka est intervenu aupr\u00e8s de Vinci Autoroutes sur plusieurs concertations li\u00e9es \u00e0 des projets d&rsquo;\u00e9changeurs sur l&rsquo;autoroute A7.<\/em><\/p>\t\t\t\t\t\t\t\t<\/div>\n\t\t\t\t<\/div>\n\t\t\t\t<div class=\"elementor-element elementor-element-1ae0ddfd elementor-widget elementor-widget-image\" data-id=\"1ae0ddfd\" data-element_type=\"widget\" data-e-type=\"widget\" data-widget_type=\"image.default\">\n\t\t\t\t<div class=\"elementor-widget-container\">\n\t\t\t\t\t\t\t\t\t\t\t\t\t\t\t\t<a href=\"https:\/\/a7-echangeur-drome-provencale.com\/wp-content\/uploads\/sites\/14\/2021\/05\/bilan-de-concertation-2021.pdf\" target=\"_blank\">\n\t\t\t\t\t\t\t<img decoding=\"async\" width=\"494\" height=\"689\" src=\"https:\/\/enteka.fr\/wp-content\/uploads\/2025\/09\/bilanvinci.jpg\" class=\"attachment-large size-large wp-image-4680\" alt=\"\" srcset=\"https:\/\/enteka.fr\/wp-content\/uploads\/2025\/09\/bilanvinci.jpg 494w, https:\/\/enteka.fr\/wp-content\/uploads\/2025\/09\/bilanvinci-215x300.jpg 215w\" sizes=\"(max-width: 494px) 100vw, 494px\" \/>\t\t\t\t\t\t\t\t<\/a>\n\t\t\t\t\t\t\t\t\t\t\t\t\t\t\t<\/div>\n\t\t\t\t<\/div>\n\t\t\t\t\t<\/div>\n\t\t<\/div>\n\t\t\t\t<div class=\"elementor-column elementor-col-50 elementor-top-column elementor-element elementor-element-14416c1c\" data-id=\"14416c1c\" data-element_type=\"column\" data-e-type=\"column\">\n\t\t\t<div class=\"elementor-widget-wrap elementor-element-populated\">\n\t\t\t\t\t\t<div class=\"elementor-element elementor-element-7962a39e elementor-view-framed elementor-position-inline-start elementor-shape-circle elementor-mobile-position-block-start elementor-widget elementor-widget-icon-box\" data-id=\"7962a39e\" data-element_type=\"widget\" data-e-type=\"widget\" data-widget_type=\"icon-box.default\">\n\t\t\t\t<div class=\"elementor-widget-container\">\n\t\t\t\t\t\t\t<div class=\"elementor-icon-box-wrapper\">\n\n\t\t\t\t\t\t<div class=\"elementor-icon-box-icon\">\n\t\t\t\t<span  class=\"elementor-icon\">\n\t\t\t\t<i aria-hidden=\"true\" class=\"fas fa-feather-alt\"><\/i>\t\t\t\t<\/span>\n\t\t\t<\/div>\n\t\t\t\n\t\t\t\t\t\t<div class=\"elementor-icon-box-content\">\n\n\t\t\t\t\t\t\t\t\t<h3 class=\"elementor-icon-box-title\">\n\t\t\t\t\t\t<span  >\n\t\t\t\t\t\t\tConception d'outils de communication\t\t\t\t\t\t<\/span>\n\t\t\t\t\t<\/h3>\n\t\t\t\t\n\t\t\t\t\n\t\t\t<\/div>\n\t\t\t\n\t\t<\/div>\n\t\t\t\t\t\t<\/div>\n\t\t\t\t<\/div>\n\t\t\t\t<div class=\"elementor-element elementor-element-7d862a97 elementor-widget elementor-widget-text-editor\" data-id=\"7d862a97\" data-element_type=\"widget\" data-e-type=\"widget\" data-widget_type=\"text-editor.default\">\n\t\t\t\t<div class=\"elementor-widget-container\">\n\t\t\t\t\t\t\t\t\t<ul>\n<li>R\u00e9daction des contenus du site de la concertation&nbsp;<a href=\"https:\/\/a7-echangeur-dromardeche.com\/\" target=\"_blank\" rel=\"noopener\">\u00ab\u00a0Echangeur de Dr\u00f4mArd\u00e8che\u00a0\u00bb<\/a><\/li>\n<li>R\u00e9daction du Dossier de concertation MECDU \u00ab\u00a0<a href=\"https:\/\/www.portededromardeche.fr\/app\/uploads\/2024\/01\/VINCI-DROMARDECHE-Concertation-MECDU-297x210-V13-WEB.pdf\" target=\"_blank\">Echangeur de Dr\u00f4mArd\u00e8che<\/a>\u00ab\u00a0<\/li>\n<li>R\u00e9daction du Bilan de la concertation \u00ab\u00a0<a href=\"https:\/\/a7-echangeur-drome-provencale.com\/wp-content\/uploads\/sites\/14\/2021\/05\/bilan-de-concertation-2021.pdf\" target=\"_blank\" rel=\"noopener\">Echangeur de la Dr\u00f4me Proven\u00e7ale<\/a>\u00ab\u00a0<\/li>\n<li>Conception et r\u00e9daction de supports de pr\u00e9sentation du projet \u00ab\u00a0Echangeur de la Dr\u00f4me proven\u00e7ale\u00a0\u00bb<\/li>\n<li>Conception et r\u00e9daction d&rsquo;un flyer \u00ab\u00a010 arguments\u00a0\u00bb pour l&rsquo;\u00e9changeur de la Dr\u00f4me proven\u00e7ale.<\/li>\n<\/ul>\t\t\t\t\t\t\t\t<\/div>\n\t\t\t\t<\/div>\n\t\t\t\t<div class=\"elementor-element elementor-element-5613d480 elementor-view-framed elementor-position-inline-start elementor-shape-circle elementor-mobile-position-block-start elementor-widget elementor-widget-icon-box\" data-id=\"5613d480\" data-element_type=\"widget\" data-e-type=\"widget\" data-widget_type=\"icon-box.default\">\n\t\t\t\t<div class=\"elementor-widget-container\">\n\t\t\t\t\t\t\t<div class=\"elementor-icon-box-wrapper\">\n\n\t\t\t\t\t\t<div class=\"elementor-icon-box-icon\">\n\t\t\t\t<span  class=\"elementor-icon\">\n\t\t\t\t<i aria-hidden=\"true\" class=\"fas fa-graduation-cap\"><\/i>\t\t\t\t<\/span>\n\t\t\t<\/div>\n\t\t\t\n\t\t\t\t\t\t<div class=\"elementor-icon-box-content\">\n\n\t\t\t\t\t\t\t\t\t<h3 class=\"elementor-icon-box-title\">\n\t\t\t\t\t\t<span  >\n\t\t\t\t\t\t\tRecueil de la parole citoyenne\t\t\t\t\t\t<\/span>\n\t\t\t\t\t<\/h3>\n\t\t\t\t\n\t\t\t\t\n\t\t\t<\/div>\n\t\t\t\n\t\t<\/div>\n\t\t\t\t\t\t<\/div>\n\t\t\t\t<\/div>\n\t\t\t\t<div class=\"elementor-element elementor-element-4710368b elementor-widget elementor-widget-text-editor\" data-id=\"4710368b\" data-element_type=\"widget\" data-e-type=\"widget\" data-widget_type=\"text-editor.default\">\n\t\t\t\t<div class=\"elementor-widget-container\">\n\t\t\t\t\t\t\t\t\t<ul><li>Construction d&rsquo;une plateforme argumentaire en r\u00e9ponse aux contributions d\u00e9pos\u00e9es dans le cadre de la concertation \u00ab\u00a0Echangeur de la Dr\u00f4me proven\u00e7ale\u00a0\u00bb<\/li><\/ul>\t\t\t\t\t\t\t\t<\/div>\n\t\t\t\t<\/div>\n\t\t\t\t\t<\/div>\n\t\t<\/div>\n\t\t\t\t\t<\/div>\n\t\t<\/section>\n\t\t\t\t<\/div>\n\t\t","protected":false},"excerpt":{"rendered":"<p>Concessionnaire de 4443 km d&rsquo;autoroutes au travers des soci\u00e9t\u00e9s ASF, Cofiroute, Escota, Arcour et Arcos, Vinci Autoroutes, \u00a0finance, con\u00e7oit, construit et exploite des autoroutes accueillant en moyenne\u00a0 2,5 millions d\u2019automobilistes par jour.\u00a0 Enteka est intervenu aupr\u00e8s de Vinci Autoroutes sur plusieurs concertations li\u00e9es \u00e0 des projets d&rsquo;\u00e9changeurs sur l&rsquo;autoroute A7. Conception d&rsquo;outils de communication R\u00e9daction [&hellip;]<\/p>\n","protected":false},"author":1,"featured_media":0,"parent":0,"menu_order":0,"comment_status":"closed","ping_status":"closed","template":"","meta":{"ocean_post_layout":"","ocean_both_sidebars_style":"","ocean_both_sidebars_content_width":0,"ocean_both_sidebars_sidebars_width":0,"ocean_sidebar":"","ocean_second_sidebar":"","ocean_disable_margins":"enable","ocean_add_body_class":"","ocean_shortcode_before_top_bar":"","ocean_shortcode_after_top_bar":"","ocean_shortcode_before_header":"","ocean_shortcode_after_header":"","ocean_has_shortcode":"","ocean_shortcode_after_title":"","ocean_shortcode_before_footer_widgets":"","ocean_shortcode_after_footer_widgets":"","ocean_shortcode_before_footer_bottom":"","ocean_shortcode_after_footer_bottom":"","ocean_display_top_bar":"default","ocean_display_header":"default","ocean_header_style":"","ocean_center_header_left_menu":"","ocean_custom_header_template":"","ocean_custom_logo":0,"ocean_custom_retina_logo":0,"ocean_custom_logo_max_width":0,"ocean_custom_logo_tablet_max_width":0,"ocean_custom_logo_mobile_max_width":0,"ocean_custom_logo_max_height":0,"ocean_custom_logo_tablet_max_height":0,"ocean_custom_logo_mobile_max_height":0,"ocean_header_custom_menu":"","ocean_menu_typo_font_family":"","ocean_menu_typo_font_subset":"","ocean_menu_typo_font_size":0,"ocean_menu_typo_font_size_tablet":0,"ocean_menu_typo_font_size_mobile":0,"ocean_menu_typo_font_size_unit":"px","ocean_menu_typo_font_weight":"","ocean_menu_typo_font_weight_tablet":"","ocean_menu_typo_font_weight_mobile":"","ocean_menu_typo_transform":"","ocean_menu_typo_transform_tablet":"","ocean_menu_typo_transform_mobile":"","ocean_menu_typo_line_height":0,"ocean_menu_typo_line_height_tablet":0,"ocean_menu_typo_line_height_mobile":0,"ocean_menu_typo_line_height_unit":"","ocean_menu_typo_spacing":0,"ocean_menu_typo_spacing_tablet":0,"ocean_menu_typo_spacing_mobile":0,"ocean_menu_typo_spacing_unit":"","ocean_menu_link_color":"","ocean_menu_link_color_hover":"","ocean_menu_link_color_active":"","ocean_menu_link_background":"","ocean_menu_link_hover_background":"","ocean_menu_link_active_background":"","ocean_menu_social_links_bg":"","ocean_menu_social_hover_links_bg":"","ocean_menu_social_links_color":"","ocean_menu_social_hover_links_color":"","ocean_disable_title":"default","ocean_disable_heading":"default","ocean_post_title":"","ocean_post_subheading":"","ocean_post_title_style":"","ocean_post_title_background_color":"","ocean_post_title_background":0,"ocean_post_title_bg_image_position":"","ocean_post_title_bg_image_attachment":"","ocean_post_title_bg_image_repeat":"","ocean_post_title_bg_image_size":"","ocean_post_title_height":0,"ocean_post_title_bg_overlay":0.5,"ocean_post_title_bg_overlay_color":"","ocean_disable_breadcrumbs":"default","ocean_breadcrumbs_color":"","ocean_breadcrumbs_separator_color":"","ocean_breadcrumbs_links_color":"","ocean_breadcrumbs_links_hover_color":"","ocean_display_footer_widgets":"default","ocean_display_footer_bottom":"default","ocean_custom_footer_template":"","footnotes":""},"class_list":["post-4659","page","type-page","status-publish","hentry","entry"],"rttpg_featured_image_url":null,"rttpg_author":{"display_name":"Fr\u00e9d\u00e9ric","author_link":"https:\/\/enteka.fr\/index.php\/author\/admin2546\/"},"rttpg_comment":0,"rttpg_category":null,"rttpg_excerpt":"Concessionnaire de 4443 km d&rsquo;autoroutes au travers des soci\u00e9t\u00e9s ASF, Cofiroute, Escota, Arcour et Arcos, Vinci Autoroutes, \u00a0finance, con\u00e7oit, construit et exploite des autoroutes accueillant en moyenne\u00a0 2,5 millions d\u2019automobilistes par jour.\u00a0 Enteka est intervenu aupr\u00e8s de Vinci Autoroutes sur plusieurs concertations li\u00e9es \u00e0 des projets d&rsquo;\u00e9changeurs sur l&rsquo;autoroute A7. Conception d&rsquo;outils de communication R\u00e9daction\u2026","_links":{"self":[{"href":"https:\/\/enteka.fr\/index.php\/wp-json\/wp\/v2\/pages\/4659","targetHints":{"allow":["GET"]}}],"collection":[{"href":"https:\/\/enteka.fr\/index.php\/wp-json\/wp\/v2\/pages"}],"about":[{"href":"https:\/\/enteka.fr\/index.php\/wp-json\/wp\/v2\/types\/page"}],"author":[{"embeddable":true,"href":"https:\/\/enteka.fr\/index.php\/wp-json\/wp\/v2\/users\/1"}],"replies":[{"embeddable":true,"href":"https:\/\/enteka.fr\/index.php\/wp-json\/wp\/v2\/comments?post=4659"}],"version-history":[{"count":7,"href":"https:\/\/enteka.fr\/index.php\/wp-json\/wp\/v2\/pages\/4659\/revisions"}],"predecessor-version":[{"id":4683,"href":"https:\/\/enteka.fr\/index.php\/wp-json\/wp\/v2\/pages\/4659\/revisions\/4683"}],"wp:attachment":[{"href":"https:\/\/enteka.fr\/index.php\/wp-json\/wp\/v2\/media?parent=4659"}],"curies":[{"name":"wp","href":"https:\/\/api.w.org\/{rel}","templated":true}]}}