{"id":4693,"date":"2025-09-22T19:27:13","date_gmt":"2025-09-22T17:27:13","guid":{"rendered":"https:\/\/enteka.fr\/?page_id=4693"},"modified":"2025-09-22T20:08:30","modified_gmt":"2025-09-22T18:08:30","slug":"mentions-legales","status":"publish","type":"page","link":"https:\/\/enteka.fr\/index.php\/mentions-legales\/","title":{"rendered":"Mentions l\u00e9gales"},"content":{"rendered":"\t\t<div data-elementor-type=\"wp-page\" data-elementor-id=\"4693\" class=\"elementor elementor-4693\" data-elementor-post-type=\"page\">\n\t\t\t\t\t\t<section class=\"elementor-section elementor-top-section elementor-element elementor-element-3b0b76a elementor-section-boxed elementor-section-height-default elementor-section-height-default\" data-id=\"3b0b76a\" data-element_type=\"section\" data-e-type=\"section\">\n\t\t\t\t\t\t<div class=\"elementor-container elementor-column-gap-default\">\n\t\t\t\t\t<div class=\"elementor-column elementor-col-100 elementor-top-column elementor-element elementor-element-248d83b\" data-id=\"248d83b\" data-element_type=\"column\" data-e-type=\"column\">\n\t\t\t<div class=\"elementor-widget-wrap elementor-element-populated\">\n\t\t\t\t\t\t<div class=\"elementor-element elementor-element-4b4a34e elementor-widget elementor-widget-heading\" data-id=\"4b4a34e\" data-element_type=\"widget\" data-e-type=\"widget\" data-widget_type=\"heading.default\">\n\t\t\t\t<div class=\"elementor-widget-container\">\n\t\t\t\t\t<h2 class=\"elementor-heading-title elementor-size-default\">Mentions l\u00e9gales<\/h2>\t\t\t\t<\/div>\n\t\t\t\t<\/div>\n\t\t\t\t\t<\/div>\n\t\t<\/div>\n\t\t\t\t\t<\/div>\n\t\t<\/section>\n\t\t\t\t<section class=\"elementor-section elementor-top-section elementor-element elementor-element-bfec844 elementor-section-boxed elementor-section-height-default elementor-section-height-default\" data-id=\"bfec844\" data-element_type=\"section\" data-e-type=\"section\">\n\t\t\t\t\t\t<div class=\"elementor-container elementor-column-gap-default\">\n\t\t\t\t\t<div class=\"elementor-column elementor-col-100 elementor-top-column elementor-element elementor-element-c4dd98b\" data-id=\"c4dd98b\" data-element_type=\"column\" data-e-type=\"column\">\n\t\t\t<div class=\"elementor-widget-wrap elementor-element-populated\">\n\t\t\t\t\t\t<div class=\"elementor-element elementor-element-ce44a66 elementor-widget__width-initial elementor-widget elementor-widget-text-editor\" data-id=\"ce44a66\" data-element_type=\"widget\" data-e-type=\"widget\" data-widget_type=\"text-editor.default\">\n\t\t\t\t<div class=\"elementor-widget-container\">\n\t\t\t\t\t\t\t\t\t<p><b>Fr\u00e9d\u00e9ric Piriou (Enteka)<br \/><\/b>Siret : 887 998 458 00012<\/p><p><strong>Directeur de la publication : <\/strong>Fr\u00e9d\u00e9ric Piriou<br \/><strong>Webdesigner-webmaster :<\/strong> Fr\u00e9d\u00e9ric Piriou<br \/><strong>Directrice artistique :<\/strong> Marie Piriou (Piou)\u00a0<a style=\"font-size: 14px; background-color: #faecdb;\" href=\"http:\/\/www.piou-graphisme.com\/studio-graphique-nantes\/\" target=\"_blank\" rel=\"noopener\">www.piou-graphisme.com\/studio-graphique-nantes\/<\/a><\/p><p><strong>Site r\u00e9alis\u00e9\u00a0<\/strong>sous CMS WordPress avec Elementor (Theme OceanWP)<br \/><b>H\u00e9bergement<\/b> : Ce site est h\u00e9berg\u00e9 par OVH SAS 2 rue Kellermann &#8211; 59100 Roubaix &#8211; France<\/p><p><strong>Droit d\u2019auteur \u2013 copyright<\/strong><\/p><p>Les photographies, textes et logos pr\u00e9sent\u00e9s sur ce site restent la propri\u00e9t\u00e9 exclusive de leurs auteurs respectifs.<br \/>L\u2019ensemble de ce site rel\u00e8ve de la l\u00e9gislation fran\u00e7aise et internationale sur le droit d\u2019auteur et la propri\u00e9t\u00e9 intellectuelle. Tous les droits de reproduction sont r\u00e9serv\u00e9s, y compris pour les documents t\u00e9l\u00e9chargeables et les repr\u00e9sentations iconographiques et photographiques. La reproduction de tout ou partie de ce site sur un support \u00e9lectronique ou autre quel qu\u2019il soit est formellement interdite sauf autorisation expresse.<\/p><p><strong>Cr\u00e9dit photos :<\/strong><b> <\/b>Laurent CRITOT, CNDP, MHSC, SNCF R\u00e9seau, VINCI Autoroutes, Arkolia<\/p><p><strong>Confidentialit\u00e9<\/strong><\/p><p>Les informations recueillies par Enteka via le formulaire de contact font l\u2019objet d\u2019un traitement informatique ayant pour finalit\u00e9 la gestion de son fichier clients \/ prospects, Enteka ayant un int\u00e9r\u00eat l\u00e9gitime \u00e0 d\u00e9velopper et entretenir une relation commerciale avec ceux-ci.<\/p><p>Aucune donn\u00e9e ne sera communiqu\u00e9e, c\u00e9d\u00e9e ni revendue \u00e0 des tiers.<\/p><p>Conform\u00e9ment \u00e0 la loi \u00ab\u00a0Informatique et Libert\u00e9s\u00a0\u00bb du 6 janvier 1978 modifi\u00e9e et au R\u00e8glement Europ\u00e9en 2016\/679 du 27 avril 2016 relatif \u00e0 la protection des personnes physiques \u00e0 l\u2019\u00e9gard du traitement des donn\u00e9es \u00e0 caract\u00e8re personnel, vous disposez d\u2019un droit d\u2019acc\u00e8s et de rectification aux informations qui vous concernent ainsi que d\u2019un droit d\u2019opposition, du droit \u00e0 la limitation du traitement et \u00e0 l\u2019effacement dans le cadre de la r\u00e9glementation en vigueur.<\/p><p>Par courriel au\u00a0: fpiriou [ at ] enteka.fr<\/p><p>Si apr\u00e8s nous avoir contact\u00e9, vous constatez que vos droits \u00ab\u00a0Informatiques et Libert\u00e9s\u00a0\u00bb ne sont pas respect\u00e9s, vous pourrez adresser une r\u00e9clamation \u00e0 la Commission nationale de l\u2019Informatique et des Libert\u00e9s ou CNIL, 3 Places de Fontenoy, 75007 PariC<\/p>\t\t\t\t\t\t\t\t<\/div>\n\t\t\t\t<\/div>\n\t\t\t\t\t<\/div>\n\t\t<\/div>\n\t\t\t\t\t<\/div>\n\t\t<\/section>\n\t\t\t\t<\/div>\n\t\t","protected":false},"excerpt":{"rendered":"<p>Mentions l\u00e9gales Fr\u00e9d\u00e9ric Piriou (Enteka)Siret : 887 998 458 00012 Directeur de la publication : Fr\u00e9d\u00e9ric PiriouWebdesigner-webmaster : Fr\u00e9d\u00e9ric PiriouDirectrice artistique : Marie Piriou (Piou)\u00a0www.piou-graphisme.com\/studio-graphique-nantes\/ Site r\u00e9alis\u00e9\u00a0sous CMS WordPress avec Elementor (Theme OceanWP)H\u00e9bergement : Ce site est h\u00e9berg\u00e9 par OVH SAS 2 rue Kellermann &#8211; 59100 Roubaix &#8211; France Droit d\u2019auteur \u2013 copyright Les photographies, [&hellip;]<\/p>\n","protected":false},"author":1,"featured_media":0,"parent":0,"menu_order":0,"comment_status":"closed","ping_status":"closed","template":"","meta":{"ocean_post_layout":"","ocean_both_sidebars_style":"","ocean_both_sidebars_content_width":0,"ocean_both_sidebars_sidebars_width":0,"ocean_sidebar":"","ocean_second_sidebar":"","ocean_disable_margins":"enable","ocean_add_body_class":"","ocean_shortcode_before_top_bar":"","ocean_shortcode_after_top_bar":"","ocean_shortcode_before_header":"","ocean_shortcode_after_header":"","ocean_has_shortcode":"","ocean_shortcode_after_title":"","ocean_shortcode_before_footer_widgets":"","ocean_shortcode_after_footer_widgets":"","ocean_shortcode_before_footer_bottom":"","ocean_shortcode_after_footer_bottom":"","ocean_display_top_bar":"default","ocean_display_header":"default","ocean_header_style":"","ocean_center_header_left_menu":"","ocean_custom_header_template":"","ocean_custom_logo":0,"ocean_custom_retina_logo":0,"ocean_custom_logo_max_width":0,"ocean_custom_logo_tablet_max_width":0,"ocean_custom_logo_mobile_max_width":0,"ocean_custom_logo_max_height":0,"ocean_custom_logo_tablet_max_height":0,"ocean_custom_logo_mobile_max_height":0,"ocean_header_custom_menu":"","ocean_menu_typo_font_family":"","ocean_menu_typo_font_subset":"","ocean_menu_typo_font_size":0,"ocean_menu_typo_font_size_tablet":0,"ocean_menu_typo_font_size_mobile":0,"ocean_menu_typo_font_size_unit":"px","ocean_menu_typo_font_weight":"","ocean_menu_typo_font_weight_tablet":"","ocean_menu_typo_font_weight_mobile":"","ocean_menu_typo_transform":"","ocean_menu_typo_transform_tablet":"","ocean_menu_typo_transform_mobile":"","ocean_menu_typo_line_height":0,"ocean_menu_typo_line_height_tablet":0,"ocean_menu_typo_line_height_mobile":0,"ocean_menu_typo_line_height_unit":"","ocean_menu_typo_spacing":0,"ocean_menu_typo_spacing_tablet":0,"ocean_menu_typo_spacing_mobile":0,"ocean_menu_typo_spacing_unit":"","ocean_menu_link_color":"","ocean_menu_link_color_hover":"","ocean_menu_link_color_active":"","ocean_menu_link_background":"","ocean_menu_link_hover_background":"","ocean_menu_link_active_background":"","ocean_menu_social_links_bg":"","ocean_menu_social_hover_links_bg":"","ocean_menu_social_links_color":"","ocean_menu_social_hover_links_color":"","ocean_disable_title":"default","ocean_disable_heading":"default","ocean_post_title":"","ocean_post_subheading":"","ocean_post_title_style":"","ocean_post_title_background_color":"","ocean_post_title_background":0,"ocean_post_title_bg_image_position":"","ocean_post_title_bg_image_attachment":"","ocean_post_title_bg_image_repeat":"","ocean_post_title_bg_image_size":"","ocean_post_title_height":0,"ocean_post_title_bg_overlay":0.5,"ocean_post_title_bg_overlay_color":"","ocean_disable_breadcrumbs":"default","ocean_breadcrumbs_color":"","ocean_breadcrumbs_separator_color":"","ocean_breadcrumbs_links_color":"","ocean_breadcrumbs_links_hover_color":"","ocean_display_footer_widgets":"default","ocean_display_footer_bottom":"default","ocean_custom_footer_template":"","footnotes":""},"class_list":["post-4693","page","type-page","status-publish","hentry","entry"],"rttpg_featured_image_url":null,"rttpg_author":{"display_name":"Fr\u00e9d\u00e9ric","author_link":"https:\/\/enteka.fr\/index.php\/author\/admin2546\/"},"rttpg_comment":0,"rttpg_category":null,"rttpg_excerpt":"Mentions l\u00e9gales Fr\u00e9d\u00e9ric Piriou (Enteka)Siret : 887 998 458 00012 Directeur de la publication : Fr\u00e9d\u00e9ric PiriouWebdesigner-webmaster : Fr\u00e9d\u00e9ric PiriouDirectrice artistique : Marie Piriou (Piou)\u00a0www.piou-graphisme.com\/studio-graphique-nantes\/ Site r\u00e9alis\u00e9\u00a0sous CMS WordPress avec Elementor (Theme OceanWP)H\u00e9bergement : Ce site est h\u00e9berg\u00e9 par OVH SAS 2 rue Kellermann &#8211; 59100 Roubaix &#8211; France Droit d\u2019auteur \u2013 copyright Les photographies,\u2026","_links":{"self":[{"href":"https:\/\/enteka.fr\/index.php\/wp-json\/wp\/v2\/pages\/4693","targetHints":{"allow":["GET"]}}],"collection":[{"href":"https:\/\/enteka.fr\/index.php\/wp-json\/wp\/v2\/pages"}],"about":[{"href":"https:\/\/enteka.fr\/index.php\/wp-json\/wp\/v2\/types\/page"}],"author":[{"embeddable":true,"href":"https:\/\/enteka.fr\/index.php\/wp-json\/wp\/v2\/users\/1"}],"replies":[{"embeddable":true,"href":"https:\/\/enteka.fr\/index.php\/wp-json\/wp\/v2\/comments?post=4693"}],"version-history":[{"count":7,"href":"https:\/\/enteka.fr\/index.php\/wp-json\/wp\/v2\/pages\/4693\/revisions"}],"predecessor-version":[{"id":4701,"href":"https:\/\/enteka.fr\/index.php\/wp-json\/wp\/v2\/pages\/4693\/revisions\/4701"}],"wp:attachment":[{"href":"https:\/\/enteka.fr\/index.php\/wp-json\/wp\/v2\/media?parent=4693"}],"curies":[{"name":"wp","href":"https:\/\/api.w.org\/{rel}","templated":true}]}}